{"id":1004,"date":"2020-10-09T13:39:05","date_gmt":"2020-10-09T13:39:05","guid":{"rendered":"http:\/\/shoptimizer.local\/?page_id=848"},"modified":"2025-09-06T03:33:33","modified_gmt":"2025-09-06T03:33:33","slug":"nosotros","status":"publish","type":"page","link":"https:\/\/fisoherbal.com\/en\/nosotros\/","title":{"rendered":"Nosotros"},"content":{"rendered":"<div data-elementor-type=\"wp-post\" data-elementor-id=\"1004\" class=\"elementor elementor-1004\" data-elementor-post-type=\"page\">\n\t\t\t\t<div class=\"elementor-element elementor-element-9228f4b e-flex e-con-boxed e-con e-parent\" data-id=\"9228f4b\" data-element_type=\"container\" data-e-type=\"container\" data-settings=\"{&quot;background_background&quot;:&quot;classic&quot;}\">\n\t\t\t\t\t<div class=\"e-con-inner\">\n\t\t<div class=\"elementor-element elementor-element-fa1cbd1 e-con-full e-flex e-con e-child\" data-id=\"fa1cbd1\" data-element_type=\"container\" data-e-type=\"container\">\n\t\t<div class=\"elementor-element elementor-element-f9dbc72 e-con-full e-flex e-con e-child\" data-id=\"f9dbc72\" data-element_type=\"container\" data-e-type=\"container\">\n\t\t<div class=\"elementor-element elementor-element-9b6d273 e-con-full e-flex e-con e-child\" data-id=\"9b6d273\" data-element_type=\"container\" data-e-type=\"container\">\n\t\t\t\t<div class=\"elementor-element elementor-element-7970083 elementor-invisible elementor-widget elementor-widget-heading\" data-id=\"7970083\" data-element_type=\"widget\" data-e-type=\"widget\" data-settings=\"{&quot;_animation&quot;:&quot;fadeInUp&quot;}\" data-widget_type=\"heading.default\">\n\t\t\t\t\t<h1 class=\"elementor-heading-title elementor-size-default\">Sobre Nosotros<\/h1>\t\t\t\t<\/div>\n\t\t\t\t<div class=\"elementor-element elementor-element-6fec5f1 elementor-invisible elementor-widget elementor-widget-heading\" data-id=\"6fec5f1\" data-element_type=\"widget\" data-e-type=\"widget\" data-settings=\"{&quot;_animation&quot;:&quot;fadeInDown&quot;}\" data-widget_type=\"heading.default\">\n\t\t\t\t\t<h2 class=\"elementor-heading-title elementor-size-default\">Somos una marca dedicada a promover el bienestar a trav\u00e9s de suplementos naturales, vitaminas y minerales de calidad, inspirados en la naturaleza y pensados para tu salud.<\/h2>\t\t\t\t<\/div>\n\t\t\t\t<\/div>\n\t\t<div class=\"elementor-element elementor-element-c61291a e-con-full e-flex e-con e-child\" data-id=\"c61291a\" data-element_type=\"container\" data-e-type=\"container\">\n\t\t\t\t<\/div>\n\t\t\t\t<\/div>\n\t\t\t\t<\/div>\n\t\t\t\t\t<\/div>\n\t\t\t\t<\/div>\n\t\t<div class=\"elementor-element elementor-element-6583199 e-flex e-con-boxed e-con e-parent\" data-id=\"6583199\" data-element_type=\"container\" data-e-type=\"container\">\n\t\t\t\t\t<div class=\"e-con-inner\">\n\t\t<div class=\"elementor-element elementor-element-d94bcef e-con-full e-flex elementor-invisible e-con e-child\" data-id=\"d94bcef\" data-element_type=\"container\" data-e-type=\"container\" data-settings=\"{&quot;animation&quot;:&quot;fadeIn&quot;}\">\n\t\t\t\t<div class=\"elementor-element elementor-element-5f9e2bc elementor-widget elementor-widget-heading\" data-id=\"5f9e2bc\" data-element_type=\"widget\" data-e-type=\"widget\" data-widget_type=\"heading.default\">\n\t\t\t\t\t<h6 class=\"elementor-heading-title elementor-size-default\">Nuestra historia<\/h6>\t\t\t\t<\/div>\n\t\t\t\t<div class=\"elementor-element elementor-element-2a04055 title-left elementor-widget elementor-widget-heading\" data-id=\"2a04055\" data-element_type=\"widget\" data-e-type=\"widget\" data-widget_type=\"heading.default\">\n\t\t\t\t\t<h2 class=\"elementor-heading-title elementor-size-default\">Acercar productos naturales de confianza a m\u00e1s personas<\/h2>\t\t\t\t<\/div>\n\t\t\t\t<div class=\"elementor-element elementor-element-ebda033 elementor-widget elementor-widget-text-editor\" data-id=\"ebda033\" data-element_type=\"widget\" data-e-type=\"widget\" data-widget_type=\"text-editor.default\">\n\t\t\t\t\t\t\t\t\tEmpezamos con un peque\u00f1o cat\u00e1logo y una gran pasi\u00f3n por la salud, y hoy contamos con un portafolio en constante crecimiento que re\u00fane marcas internacionales de prestigio y f\u00f3rmulas cuidadosamente seleccionadas.\t\t\t\t\t\t\t\t<\/div>\n\t\t\t\t<\/div>\n\t\t<div class=\"elementor-element elementor-element-8f76fe9 e-con-full e-flex elementor-invisible e-con e-child\" data-id=\"8f76fe9\" data-element_type=\"container\" data-e-type=\"container\" data-settings=\"{&quot;animation&quot;:&quot;fadeIn&quot;,&quot;animation_delay&quot;:200}\">\n\t\t\t\t<div class=\"elementor-element elementor-element-4efc6a5 animated-fast elementor-invisible elementor-widget elementor-widget-image\" data-id=\"4efc6a5\" data-element_type=\"widget\" data-e-type=\"widget\" data-settings=\"{&quot;_animation&quot;:&quot;fadeIn&quot;}\" data-widget_type=\"image.default\">\n\t\t\t\t\t\t\t\t\t\t\t\t\t\t\t<img fetchpriority=\"high\" decoding=\"async\" width=\"1024\" height=\"683\" src=\"https:\/\/fisoherbal.com\/wp-content\/uploads\/2025\/09\/woman-taking-food-supplements-instead-of-fresh-fru-2025-01-09-04-05-42-utc-1024x683.jpeg\" class=\"attachment-large size-large wp-image-7413\" alt=\"\" srcset=\"https:\/\/fisoherbal.com\/wp-content\/uploads\/2025\/09\/woman-taking-food-supplements-instead-of-fresh-fru-2025-01-09-04-05-42-utc-1024x683.jpeg 1024w, https:\/\/fisoherbal.com\/wp-content\/uploads\/2025\/09\/woman-taking-food-supplements-instead-of-fresh-fru-2025-01-09-04-05-42-utc-300x200.jpeg 300w, https:\/\/fisoherbal.com\/wp-content\/uploads\/2025\/09\/woman-taking-food-supplements-instead-of-fresh-fru-2025-01-09-04-05-42-utc-768x512.jpeg 768w, https:\/\/fisoherbal.com\/wp-content\/uploads\/2025\/09\/woman-taking-food-supplements-instead-of-fresh-fru-2025-01-09-04-05-42-utc-1536x1025.jpeg 1536w, https:\/\/fisoherbal.com\/wp-content\/uploads\/2025\/09\/woman-taking-food-supplements-instead-of-fresh-fru-2025-01-09-04-05-42-utc-2048x1366.jpeg 2048w, https:\/\/fisoherbal.com\/wp-content\/uploads\/2025\/09\/woman-taking-food-supplements-instead-of-fresh-fru-2025-01-09-04-05-42-utc-18x12.jpeg 18w, https:\/\/fisoherbal.com\/wp-content\/uploads\/2025\/09\/woman-taking-food-supplements-instead-of-fresh-fru-2025-01-09-04-05-42-utc-990x660.jpeg 990w, https:\/\/fisoherbal.com\/wp-content\/uploads\/2025\/09\/woman-taking-food-supplements-instead-of-fresh-fru-2025-01-09-04-05-42-utc-441x294.jpeg 441w, https:\/\/fisoherbal.com\/wp-content\/uploads\/2025\/09\/woman-taking-food-supplements-instead-of-fresh-fru-2025-01-09-04-05-42-utc-800x534.jpeg 800w, https:\/\/fisoherbal.com\/wp-content\/uploads\/2025\/09\/woman-taking-food-supplements-instead-of-fresh-fru-2025-01-09-04-05-42-utc-150x100.jpeg 150w\" sizes=\"(max-width: 1024px) 100vw, 1024px\" \/>\t\t\t\t\t\t\t\t\t\t\t\t\t\t\t<\/div>\n\t\t\t\t<\/div>\n\t\t\t\t\t<\/div>\n\t\t\t\t<\/div>\n\t\t<div class=\"elementor-element elementor-element-5b49433 e-flex e-con-boxed e-con e-parent\" data-id=\"5b49433\" data-element_type=\"container\" data-e-type=\"container\">\n\t\t\t\t\t<div class=\"e-con-inner\">\n\t\t<div class=\"elementor-element elementor-element-09d7f23 e-con-full e-flex elementor-invisible e-con e-child\" data-id=\"09d7f23\" data-element_type=\"container\" data-e-type=\"container\" data-settings=\"{&quot;animation&quot;:&quot;fadeIn&quot;}\">\n\t\t\t\t<div class=\"elementor-element elementor-element-01c450a animated-fast elementor-invisible elementor-widget elementor-widget-image\" data-id=\"01c450a\" data-element_type=\"widget\" data-e-type=\"widget\" data-settings=\"{&quot;_animation&quot;:&quot;fadeIn&quot;}\" data-widget_type=\"image.default\">\n\t\t\t\t\t\t\t\t\t\t\t\t\t\t\t<img decoding=\"async\" width=\"1024\" height=\"683\" src=\"https:\/\/fisoherbal.com\/wp-content\/uploads\/2025\/09\/medicine-box-filled-with-capsules-and-tablets-on-g-2025-02-06-05-09-27-utc-1024x683.jpg\" class=\"attachment-large size-large wp-image-7412\" alt=\"\" srcset=\"https:\/\/fisoherbal.com\/wp-content\/uploads\/2025\/09\/medicine-box-filled-with-capsules-and-tablets-on-g-2025-02-06-05-09-27-utc-1024x683.jpg 1024w, https:\/\/fisoherbal.com\/wp-content\/uploads\/2025\/09\/medicine-box-filled-with-capsules-and-tablets-on-g-2025-02-06-05-09-27-utc-300x200.jpg 300w, https:\/\/fisoherbal.com\/wp-content\/uploads\/2025\/09\/medicine-box-filled-with-capsules-and-tablets-on-g-2025-02-06-05-09-27-utc-768x512.jpg 768w, https:\/\/fisoherbal.com\/wp-content\/uploads\/2025\/09\/medicine-box-filled-with-capsules-and-tablets-on-g-2025-02-06-05-09-27-utc-1536x1024.jpg 1536w, https:\/\/fisoherbal.com\/wp-content\/uploads\/2025\/09\/medicine-box-filled-with-capsules-and-tablets-on-g-2025-02-06-05-09-27-utc-2048x1365.jpg 2048w, https:\/\/fisoherbal.com\/wp-content\/uploads\/2025\/09\/medicine-box-filled-with-capsules-and-tablets-on-g-2025-02-06-05-09-27-utc-18x12.jpg 18w, https:\/\/fisoherbal.com\/wp-content\/uploads\/2025\/09\/medicine-box-filled-with-capsules-and-tablets-on-g-2025-02-06-05-09-27-utc-990x660.jpg 990w, https:\/\/fisoherbal.com\/wp-content\/uploads\/2025\/09\/medicine-box-filled-with-capsules-and-tablets-on-g-2025-02-06-05-09-27-utc-441x294.jpg 441w, https:\/\/fisoherbal.com\/wp-content\/uploads\/2025\/09\/medicine-box-filled-with-capsules-and-tablets-on-g-2025-02-06-05-09-27-utc-800x533.jpg 800w, https:\/\/fisoherbal.com\/wp-content\/uploads\/2025\/09\/medicine-box-filled-with-capsules-and-tablets-on-g-2025-02-06-05-09-27-utc-150x100.jpg 150w\" sizes=\"(max-width: 1024px) 100vw, 1024px\" \/>\t\t\t\t\t\t\t\t\t\t\t\t\t\t\t<\/div>\n\t\t\t\t<\/div>\n\t\t<div class=\"elementor-element elementor-element-0a6b100 e-con-full e-flex elementor-invisible e-con e-child\" data-id=\"0a6b100\" data-element_type=\"container\" data-e-type=\"container\" data-settings=\"{&quot;animation&quot;:&quot;fadeIn&quot;,&quot;animation_delay&quot;:200}\">\n\t\t\t\t<div class=\"elementor-element elementor-element-653884d elementor-widget elementor-widget-heading\" data-id=\"653884d\" data-element_type=\"widget\" data-e-type=\"widget\" data-widget_type=\"heading.default\">\n\t\t\t\t\t<h6 class=\"elementor-heading-title elementor-size-default\">Nuestra filosof\u00eda<\/h6>\t\t\t\t<\/div>\n\t\t\t\t<div class=\"elementor-element elementor-element-22b69e9 title-right elementor-widget elementor-widget-heading\" data-id=\"22b69e9\" data-element_type=\"widget\" data-e-type=\"widget\" data-widget_type=\"heading.default\">\n\t\t\t\t\t<h2 class=\"elementor-heading-title elementor-size-default\">Dise\u00f1ados para acompa\u00f1ar tu vida<\/h2>\t\t\t\t<\/div>\n\t\t\t\t<div class=\"elementor-element elementor-element-6c67b45 elementor-widget elementor-widget-text-editor\" data-id=\"6c67b45\" data-element_type=\"widget\" data-e-type=\"widget\" data-widget_type=\"text-editor.default\">\n\t\t\t\t\t\t\t\t\tCreemos que el bienestar no debe ser complicado. Por eso ofrecemos suplementos f\u00e1ciles de incorporar a la rutina diaria, con informaci\u00f3n clara y un servicio enfocado en la confianza.\nNuestro objetivo es ayudarte a sentirte mejor, rendir m\u00e1s y vivir con mayor energ\u00eda, sin importar la etapa de tu vida.\t\t\t\t\t\t\t\t<\/div>\n\t\t\t\t<\/div>\n\t\t\t\t\t<\/div>\n\t\t\t\t<\/div>\n\t\t\t\t<\/div>","protected":false},"excerpt":{"rendered":"<p>Sobre Nosotros Somos una marca dedicada a promover el bienestar a trav\u00e9s de suplementos naturales, vitaminas y minerales de calidad, inspirados en la naturaleza y pensados para tu salud. Nuestra historia Acercar productos naturales de confianza a m\u00e1s personas Empezamos con un peque\u00f1o cat\u00e1logo y una gran pasi\u00f3n por la salud, y hoy contamos con [&hellip;]<\/p>\n","protected":false},"author":1,"featured_media":0,"parent":0,"menu_order":0,"comment_status":"closed","ping_status":"closed","template":"elementor_header_footer","meta":{"footnotes":""},"class_list":["post-1004","page","type-page","status-publish","hentry"],"_links":{"self":[{"href":"https:\/\/fisoherbal.com\/en\/wp-json\/wp\/v2\/pages\/1004","targetHints":{"allow":["GET"]}}],"collection":[{"href":"https:\/\/fisoherbal.com\/en\/wp-json\/wp\/v2\/pages"}],"about":[{"href":"https:\/\/fisoherbal.com\/en\/wp-json\/wp\/v2\/types\/page"}],"author":[{"embeddable":true,"href":"https:\/\/fisoherbal.com\/en\/wp-json\/wp\/v2\/users\/1"}],"replies":[{"embeddable":true,"href":"https:\/\/fisoherbal.com\/en\/wp-json\/wp\/v2\/comments?post=1004"}],"version-history":[{"count":8,"href":"https:\/\/fisoherbal.com\/en\/wp-json\/wp\/v2\/pages\/1004\/revisions"}],"predecessor-version":[{"id":7416,"href":"https:\/\/fisoherbal.com\/en\/wp-json\/wp\/v2\/pages\/1004\/revisions\/7416"}],"wp:attachment":[{"href":"https:\/\/fisoherbal.com\/en\/wp-json\/wp\/v2\/media?parent=1004"}],"curies":[{"name":"wp","href":"https:\/\/api.w.org\/{rel}","templated":true}]}}