{"id":11,"date":"2025-09-04T04:09:42","date_gmt":"2025-09-04T04:09:42","guid":{"rendered":"https:\/\/fisoherbal.com\/?page_id=11"},"modified":"2025-09-06T02:15:38","modified_gmt":"2025-09-06T02:15:38","slug":"reembolsos-y-devoluciones","status":"publish","type":"page","link":"https:\/\/fisoherbal.com\/en\/reembolsos-y-devoluciones\/","title":{"rendered":"Pol\u00edtica de reembolsos y devoluciones"},"content":{"rendered":"\t\t<div data-elementor-type=\"wp-page\" data-elementor-id=\"11\" class=\"elementor elementor-11\" data-elementor-post-type=\"page\">\n\t\t\t\t<div class=\"elementor-element elementor-element-5541caa2 e-flex e-con-boxed e-con e-parent\" data-id=\"5541caa2\" data-element_type=\"container\" data-e-type=\"container\">\n\t\t\t\t\t<div class=\"e-con-inner\">\n\t\t\t\t<div class=\"elementor-element elementor-element-79ee4b85 elementor-widget elementor-widget-text-editor\" data-id=\"79ee4b85\" data-element_type=\"widget\" data-e-type=\"widget\" data-widget_type=\"text-editor.default\">\n\t\t\t\t\t\t\t\t\t<p data-start=\"4395\" data-end=\"4548\">En <strong data-start=\"4398\" data-end=\"4420\">Natural Fico Vital<\/strong> queremos que tengas una experiencia satisfactoria. Por ello, establecemos las siguientes condiciones de reembolso y devoluci\u00f3n:<\/p>\n<h4 data-start=\"4550\" data-end=\"4579\">1. Plazo para devoluciones<\/h4>\n<ul data-start=\"4580\" data-end=\"4792\">\n<li data-start=\"4580\" data-end=\"4792\">\n<p data-start=\"4582\" data-end=\"4792\">El cliente puede solicitar la devoluci\u00f3n de un producto dentro de los <strong data-start=\"4652\" data-end=\"4670\">7 d\u00edas h\u00e1biles<\/strong> posteriores a la recepci\u00f3n, siempre que el producto est\u00e9 en su empaque original, sin abrir y en condiciones de reventa.<\/p>\n<\/li>\n<\/ul>\n<h4 data-start=\"4794\" data-end=\"4822\">2. Productos no elegibles<\/h4>\n<ul data-start=\"4823\" data-end=\"4939\">\n<li data-start=\"4823\" data-end=\"4868\">\n<p data-start=\"4825\" data-end=\"4868\">Productos abiertos, usados o manipulados.<\/p>\n<\/li>\n<li data-start=\"4869\" data-end=\"4939\">\n<p data-start=\"4871\" data-end=\"4939\">Art\u00edculos en promoci\u00f3n o liquidaci\u00f3n, salvo que est\u00e9n defectuosos.<\/p>\n<\/li>\n<\/ul>\n<h4 data-start=\"4941\" data-end=\"4960\">3. Procedimiento<\/h4>\n<ul data-start=\"4961\" data-end=\"5145\">\n<li data-start=\"4961\" data-end=\"5066\">\n<p data-start=\"4963\" data-end=\"5066\">El cliente debe escribir a [correo de contacto] indicando el n\u00famero de pedido y motivo de devoluci\u00f3n.<\/p>\n<\/li>\n<li data-start=\"5067\" data-end=\"5145\">\n<p data-start=\"5069\" data-end=\"5145\">Natural Fico Vital confirmar\u00e1 el proceso y enviar\u00e1 instrucciones de env\u00edo.<\/p>\n<\/li>\n<\/ul>\n<h4 data-start=\"5147\" data-end=\"5173\">4. Costos de devoluci\u00f3n<\/h4>\n<ul data-start=\"5174\" data-end=\"5312\">\n<li data-start=\"5174\" data-end=\"5312\">\n<p data-start=\"5176\" data-end=\"5312\">Los gastos de env\u00edo de la devoluci\u00f3n corren por cuenta del cliente, salvo que el producto sea defectuoso o haya un error en el pedido.<\/p>\n<\/li>\n<\/ul>\n<h4 data-start=\"5314\" data-end=\"5330\">5. Reembolsos<\/h4>\n<ul data-start=\"5331\" data-end=\"5497\">\n<li data-start=\"5331\" data-end=\"5497\">\n<p data-start=\"5333\" data-end=\"5497\">Una vez recibido el producto y verificado su estado, se procesar\u00e1 el reembolso en un plazo de <strong data-start=\"5427\" data-end=\"5451\">10 a 15 d\u00edas h\u00e1biles<\/strong> mediante el mismo m\u00e9todo de pago utilizado.<\/p>\n<\/li>\n<\/ul>\n<h4 data-start=\"5499\" data-end=\"5512\">6. Cambios<\/h4>\n<ul data-start=\"5513\" data-end=\"5659\">\n<li data-start=\"5513\" data-end=\"5659\">\n<p data-start=\"5515\" data-end=\"5659\">Si el cliente desea cambiar un producto por otro, se aplicar\u00e1n las mismas condiciones que una devoluci\u00f3n, generando una nueva orden de compra.<\/p>\n<\/li>\n<\/ul>\t\t\t\t\t\t\t\t<\/div>\n\t\t\t\t\t<\/div>\n\t\t\t\t<\/div>\n\t\t\t\t<\/div>\n\t\t","protected":false},"excerpt":{"rendered":"<p>En Natural Fico Vital queremos que tengas una experiencia satisfactoria. Por ello, establecemos las siguientes condiciones de reembolso y devoluci\u00f3n: 1. Plazo para devoluciones El cliente puede solicitar la devoluci\u00f3n de un producto dentro de los 7 d\u00edas h\u00e1biles posteriores a la recepci\u00f3n, siempre que el producto est\u00e9 en su empaque original, sin abrir y [&hellip;]<\/p>\n","protected":false},"author":1,"featured_media":0,"parent":0,"menu_order":0,"comment_status":"closed","ping_status":"closed","template":"","meta":{"footnotes":""},"class_list":["post-11","page","type-page","status-publish","hentry"],"_links":{"self":[{"href":"https:\/\/fisoherbal.com\/en\/wp-json\/wp\/v2\/pages\/11","targetHints":{"allow":["GET"]}}],"collection":[{"href":"https:\/\/fisoherbal.com\/en\/wp-json\/wp\/v2\/pages"}],"about":[{"href":"https:\/\/fisoherbal.com\/en\/wp-json\/wp\/v2\/types\/page"}],"author":[{"embeddable":true,"href":"https:\/\/fisoherbal.com\/en\/wp-json\/wp\/v2\/users\/1"}],"replies":[{"embeddable":true,"href":"https:\/\/fisoherbal.com\/en\/wp-json\/wp\/v2\/comments?post=11"}],"version-history":[{"count":4,"href":"https:\/\/fisoherbal.com\/en\/wp-json\/wp\/v2\/pages\/11\/revisions"}],"predecessor-version":[{"id":7363,"href":"https:\/\/fisoherbal.com\/en\/wp-json\/wp\/v2\/pages\/11\/revisions\/7363"}],"wp:attachment":[{"href":"https:\/\/fisoherbal.com\/en\/wp-json\/wp\/v2\/media?parent=11"}],"curies":[{"name":"wp","href":"https:\/\/api.w.org\/{rel}","templated":true}]}}