{"id":3,"date":"2025-08-01T17:14:35","date_gmt":"2025-08-01T17:14:35","guid":{"rendered":"https:\/\/fisoherbal.com\/?page_id=3"},"modified":"2025-09-06T02:14:36","modified_gmt":"2025-09-06T02:14:36","slug":"politicas-de-privacidad","status":"publish","type":"page","link":"https:\/\/fisoherbal.com\/en\/politicas-de-privacidad\/","title":{"rendered":"Pol\u00edticas de privacidad"},"content":{"rendered":"\t\t<div data-elementor-type=\"wp-page\" data-elementor-id=\"3\" class=\"elementor elementor-3\" data-elementor-post-type=\"page\">\n\t\t\t\t<div class=\"elementor-element elementor-element-28bbb1c3 e-flex e-con-boxed e-con e-parent\" data-id=\"28bbb1c3\" data-element_type=\"container\" data-e-type=\"container\">\n\t\t\t\t\t<div class=\"e-con-inner\">\n\t\t\t\t<div class=\"elementor-element elementor-element-7bd66462 elementor-widget elementor-widget-text-editor\" data-id=\"7bd66462\" data-element_type=\"widget\" data-e-type=\"widget\" data-widget_type=\"text-editor.default\">\n\t\t\t\t\t\t\t\t\t\n<p data-start=\"2961\" data-end=\"3081\">En <strong data-start=\"2964\" data-end=\"2986\">Natural Fico Vital<\/strong> respetamos tu privacidad y protegemos tus datos personales conforme a las normativas vigentes.<\/p>\n<h4 class=\"wp-block-heading\" data-start=\"3083\" data-end=\"3110\">1. Datos que recopilamos<\/h4>\n<ul data-start=\"3111\" data-end=\"3338\">\n<li data-start=\"3111\" data-end=\"3186\">\n<p data-start=\"3113\" data-end=\"3186\">Nombre, correo electr\u00f3nico, tel\u00e9fono, direcci\u00f3n de env\u00edo y facturaci\u00f3n.<\/p>\n<\/li>\n<li data-start=\"3187\" data-end=\"3270\">\n<p data-start=\"3189\" data-end=\"3270\">Informaci\u00f3n de pago procesada de forma segura a trav\u00e9s de terceros autorizados.<\/p>\n<\/li>\n<li data-start=\"3271\" data-end=\"3338\">\n<p data-start=\"3273\" data-end=\"3338\">Datos de navegaci\u00f3n mediante cookies y herramientas anal\u00edticas.<\/p>\n<\/li>\n<\/ul>\n<h4 data-start=\"3340\" data-end=\"3367\">2. Uso de la informaci\u00f3n<\/h4>\n<ul data-start=\"3368\" data-end=\"3587\">\n<li data-start=\"3368\" data-end=\"3402\">\n<p data-start=\"3370\" data-end=\"3402\">Procesar y enviar tus pedidos.<\/p>\n<\/li>\n<li data-start=\"3403\" data-end=\"3465\">\n<p data-start=\"3405\" data-end=\"3465\">Mejorar la experiencia de usuario y personalizar el sitio.<\/p>\n<\/li>\n<li data-start=\"3466\" data-end=\"3587\">\n<p data-start=\"3468\" data-end=\"3587\">Gestionar comunicaciones relacionadas con promociones, novedades o cambios de servicio (con opci\u00f3n de desuscripci\u00f3n).<\/p>\n<\/li>\n<\/ul>\n<h4 data-start=\"3589\" data-end=\"3616\">3. Compartici\u00f3n de datos<\/h4>\n<ul data-start=\"3617\" data-end=\"3776\">\n<li data-start=\"3617\" data-end=\"3776\">\n<p data-start=\"3619\" data-end=\"3776\">No vendemos ni compartimos tus datos con terceros, salvo con proveedores log\u00edsticos, pasarelas de pago y servicios indispensables para completar la compra.<\/p>\n<\/li>\n<\/ul>\n<h4 data-start=\"3778\" data-end=\"3793\">4. Seguridad<\/h4>\n<ul data-start=\"3794\" data-end=\"3927\">\n<li data-start=\"3794\" data-end=\"3927\">\n<p data-start=\"3796\" data-end=\"3927\">Implementamos medidas t\u00e9cnicas y organizativas para proteger tu informaci\u00f3n contra accesos no autorizados, p\u00e9rdida o divulgaci\u00f3n.<\/p>\n<\/li>\n<\/ul>\n<h4 data-start=\"3929\" data-end=\"3955\">5. Derechos del usuario<\/h4>\n<ul data-start=\"3956\" data-end=\"4135\">\n<li data-start=\"3956\" data-end=\"4012\">\n<p data-start=\"3958\" data-end=\"4012\">Acceder, rectificar o eliminar tus datos personales.<\/p>\n<\/li>\n<li data-start=\"4013\" data-end=\"4072\">\n<p data-start=\"4015\" data-end=\"4072\">Oponerte al tratamiento de datos con fines comerciales.<\/p>\n<\/li>\n<li data-start=\"4073\" data-end=\"4135\">\n<p data-start=\"4075\" data-end=\"4135\">Ejercer estos derechos escribiendo a [correo de contacto].<\/p>\n<\/li>\n<\/ul>\n<h4 data-start=\"4137\" data-end=\"4150\">6. Cookies<\/h4>\n<p data-start=\"4151\" data-end=\"4309\">El sitio utiliza cookies para mejorar la navegaci\u00f3n. Puedes configurar tu navegador para rechazarlas, aunque algunas funciones podr\u00edan no estar disponibles.<\/p>\n\n<p>\u00a0<\/p>\t\t\t\t\t\t\t\t<\/div>\n\t\t\t\t\t<\/div>\n\t\t\t\t<\/div>\n\t\t\t\t<\/div>\n\t\t","protected":false},"excerpt":{"rendered":"<p>En Natural Fico Vital respetamos tu privacidad y protegemos tus datos personales conforme a las normativas vigentes. 1. Datos que recopilamos Nombre, correo electr\u00f3nico, tel\u00e9fono, direcci\u00f3n de env\u00edo y facturaci\u00f3n. Informaci\u00f3n de pago procesada de forma segura a trav\u00e9s de terceros autorizados. Datos de navegaci\u00f3n mediante cookies y herramientas anal\u00edticas. 2. Uso de la informaci\u00f3n [&hellip;]<\/p>\n","protected":false},"author":1,"featured_media":0,"parent":0,"menu_order":0,"comment_status":"closed","ping_status":"closed","template":"","meta":{"footnotes":""},"class_list":["post-3","page","type-page","status-publish","hentry"],"_links":{"self":[{"href":"https:\/\/fisoherbal.com\/en\/wp-json\/wp\/v2\/pages\/3","targetHints":{"allow":["GET"]}}],"collection":[{"href":"https:\/\/fisoherbal.com\/en\/wp-json\/wp\/v2\/pages"}],"about":[{"href":"https:\/\/fisoherbal.com\/en\/wp-json\/wp\/v2\/types\/page"}],"author":[{"embeddable":true,"href":"https:\/\/fisoherbal.com\/en\/wp-json\/wp\/v2\/users\/1"}],"replies":[{"embeddable":true,"href":"https:\/\/fisoherbal.com\/en\/wp-json\/wp\/v2\/comments?post=3"}],"version-history":[{"count":5,"href":"https:\/\/fisoherbal.com\/en\/wp-json\/wp\/v2\/pages\/3\/revisions"}],"predecessor-version":[{"id":7360,"href":"https:\/\/fisoherbal.com\/en\/wp-json\/wp\/v2\/pages\/3\/revisions\/7360"}],"wp:attachment":[{"href":"https:\/\/fisoherbal.com\/en\/wp-json\/wp\/v2\/media?parent=3"}],"curies":[{"name":"wp","href":"https:\/\/api.w.org\/{rel}","templated":true}]}}