{"id":7276,"date":"2025-09-04T04:59:45","date_gmt":"2025-09-04T04:59:45","guid":{"rendered":"https:\/\/fisoherbal.com\/?post_type=product&#038;p=7276"},"modified":"2025-11-03T09:48:49","modified_gmt":"2025-11-03T09:48:49","slug":"citrato-de-magnesio","status":"publish","type":"product","link":"https:\/\/fisoherbal.com\/en\/product\/citrato-de-magnesio\/","title":{"rendered":"Citrato de Magnesio"},"content":{"rendered":"<p>El Citrato de Magnesio NOW es un suplemento dise\u00f1ado para brindar una fuente altamente biodisponible de magnesio elemental, un mineral esencial para m\u00e1s de 300 reacciones enzim\u00e1ticas en el organismo.<br \/>\nEl magnesio desempe\u00f1a un papel fundamental en la funci\u00f3n muscular y nerviosa, el mantenimiento de huesos fuertes y la producci\u00f3n de energ\u00eda.<\/p>\n<p>Este suplemento resulta ideal para personas que sufren de calambres musculares, fatiga cr\u00f3nica o dificultad para conciliar el sue\u00f1o, ya que contribuye a la relajaci\u00f3n natural del cuerpo. Adem\u00e1s, apoya la salud del sistema cardiovascular y ayuda a regular la presi\u00f3n arterial.<\/p>\n<p>En un mundo donde el estr\u00e9s, la alimentaci\u00f3n procesada y los d\u00e9ficits nutricionales son comunes, el Citrato de Magnesio NOW ofrece una forma pr\u00e1ctica y eficaz de recuperar el equilibrio.<\/p>\n<p data-start=\"1745\" data-end=\"1774\"><strong data-start=\"1745\" data-end=\"1772\">Beneficios principales:<\/strong><\/p>\n<ul data-start=\"1775\" data-end=\"2040\">\n<li data-start=\"1775\" data-end=\"1838\">\n<p data-start=\"1777\" data-end=\"1838\">Favorece la <strong data-start=\"1789\" data-end=\"1812\">relajaci\u00f3n muscular<\/strong> y el descanso profundo.<\/p>\n<\/li>\n<li data-start=\"1839\" data-end=\"1879\">\n<p data-start=\"1841\" data-end=\"1879\">Contribuye a la salud \u00f3sea y dental.<\/p>\n<\/li>\n<li data-start=\"1880\" data-end=\"1926\">\n<p data-start=\"1882\" data-end=\"1926\">Apoya la <strong data-start=\"1891\" data-end=\"1923\">funci\u00f3n del sistema nervioso<\/strong>.<\/p>\n<\/li>\n<li data-start=\"1927\" data-end=\"1982\">\n<p data-start=\"1929\" data-end=\"1982\">Ayuda a reducir la sensaci\u00f3n de cansancio y fatiga.<\/p>\n<\/li>\n<li data-start=\"1983\" data-end=\"2040\">\n<p data-start=\"1985\" data-end=\"2040\">F\u00f3rmula de <strong data-start=\"1996\" data-end=\"2014\">alta absorci\u00f3n<\/strong> para mayor efectividad.<\/p>\n<\/li>\n<\/ul>","protected":false},"excerpt":{"rendered":"<p>Magnesio de alta absorci\u00f3n que apoya la salud muscular, \u00f3sea y el equilibrio del sistema nervioso. Ideal para reducir el cansancio y mejorar el descanso.<\/p>","protected":false},"featured_media":7492,"comment_status":"open","ping_status":"closed","template":"","meta":[],"product_brand":[51],"product_cat":[60,59,61,15],"product_tag":[63,64,67,68,62,65,66,69],"class_list":{"0":"post-7276","1":"product","2":"type-product","3":"status-publish","4":"has-post-thumbnail","6":"product_brand-now","7":"product_cat-bienestar-y-relajacion","8":"product_cat-minerales","9":"product_cat-salud-muscular-y-osea","10":"product_cat-todos","11":"product_tag-citrato-de-magnesio","12":"product_tag-descanso","13":"product_tag-fatiga","14":"product_tag-huesos-fuertes","15":"product_tag-magnesio","16":"product_tag-relajacion","17":"product_tag-sistema-nervioso","18":"product_tag-suplementos-naturales","20":"first","21":"instock","22":"sale","23":"shipping-taxable","24":"purchasable","25":"product-type-simple"},"_links":{"self":[{"href":"https:\/\/fisoherbal.com\/en\/wp-json\/wp\/v2\/product\/7276","targetHints":{"allow":["GET"]}}],"collection":[{"href":"https:\/\/fisoherbal.com\/en\/wp-json\/wp\/v2\/product"}],"about":[{"href":"https:\/\/fisoherbal.com\/en\/wp-json\/wp\/v2\/types\/product"}],"replies":[{"embeddable":true,"href":"https:\/\/fisoherbal.com\/en\/wp-json\/wp\/v2\/comments?post=7276"}],"wp:featuredmedia":[{"embeddable":true,"href":"https:\/\/fisoherbal.com\/en\/wp-json\/wp\/v2\/media\/7492"}],"wp:attachment":[{"href":"https:\/\/fisoherbal.com\/en\/wp-json\/wp\/v2\/media?parent=7276"}],"wp:term":[{"taxonomy":"product_brand","embeddable":true,"href":"https:\/\/fisoherbal.com\/en\/wp-json\/wp\/v2\/product_brand?post=7276"},{"taxonomy":"product_cat","embeddable":true,"href":"https:\/\/fisoherbal.com\/en\/wp-json\/wp\/v2\/product_cat?post=7276"},{"taxonomy":"product_tag","embeddable":true,"href":"https:\/\/fisoherbal.com\/en\/wp-json\/wp\/v2\/product_tag?post=7276"}],"curies":[{"name":"wp","href":"https:\/\/api.w.org\/{rel}","templated":true}]}}