{"id":7279,"date":"2025-09-04T05:11:35","date_gmt":"2025-09-04T05:11:35","guid":{"rendered":"https:\/\/fisoherbal.com\/?post_type=product&#038;p=7279"},"modified":"2025-09-04T05:11:36","modified_gmt":"2025-09-04T05:11:36","slug":"coq10-coenzima-q10","status":"publish","type":"product","link":"https:\/\/fisoherbal.com\/en\/product\/coq10-coenzima-q10\/","title":{"rendered":"CoQ10 (Coenzima Q10)"},"content":{"rendered":"<p data-start=\"3519\" data-end=\"3909\">La <strong data-start=\"3547\" data-end=\"3560\">CoQ10 NOW<\/strong> es una coenzima natural presente en todas las c\u00e9lulas, clave para la producci\u00f3n de energ\u00eda. Contribuye al funcionamiento saludable del coraz\u00f3n y brinda protecci\u00f3n antioxidante contra el envejecimiento celular. Es especialmente recomendada para personas que toman estatinas, ya que estos medicamentos pueden reducir los niveles naturales de CoQ10.<\/p>\n<p data-start=\"3911\" data-end=\"3940\"><strong data-start=\"3911\" data-end=\"3938\">Beneficios principales:<\/strong><\/p>\n<ul data-start=\"3941\" data-end=\"4081\">\n<li data-start=\"3941\" data-end=\"3972\">\n<p data-start=\"3943\" data-end=\"3972\">Impulsa la energ\u00eda celular.<\/p>\n<\/li>\n<li data-start=\"3973\" data-end=\"4007\">\n<p data-start=\"3975\" data-end=\"4007\">Apoya la salud cardiovascular.<\/p>\n<\/li>\n<li data-start=\"4008\" data-end=\"4033\">\n<p data-start=\"4010\" data-end=\"4033\">Potente antioxidante.<\/p>\n<\/li>\n<li data-start=\"4034\" data-end=\"4081\">\n<p data-start=\"4036\" data-end=\"4081\">Ayuda en la vitalidad y rendimiento f\u00edsico.<\/p>\n<\/li>\n<\/ul>","protected":false},"excerpt":{"rendered":"<p data-start=\"3402\" data-end=\"3517\">Coenzima esencial que impulsa la <strong data-start=\"3460\" data-end=\"3479\">energ\u00eda celular<\/strong> y protege contra el da\u00f1o oxidativo.<\/p>","protected":false},"featured_media":0,"comment_status":"open","ping_status":"closed","template":"","meta":[],"product_brand":[51],"product_cat":[82,88,70,15],"product_tag":[84,89,90,76,91,92],"class_list":{"0":"post-7279","1":"product","2":"type-product","3":"status-publish","5":"product_brand-now","6":"product_cat-antioxidantes","7":"product_cat-energia-celular","8":"product_cat-salud-cardiovascular","9":"product_cat-todos","10":"product_tag-antioxidante","11":"product_tag-coenzima-q10","12":"product_tag-coq10","13":"product_tag-corazon","14":"product_tag-energia","15":"product_tag-envejecimiento","17":"first","18":"instock","19":"shipping-taxable","20":"purchasable","21":"product-type-simple"},"_links":{"self":[{"href":"https:\/\/fisoherbal.com\/en\/wp-json\/wp\/v2\/product\/7279","targetHints":{"allow":["GET"]}}],"collection":[{"href":"https:\/\/fisoherbal.com\/en\/wp-json\/wp\/v2\/product"}],"about":[{"href":"https:\/\/fisoherbal.com\/en\/wp-json\/wp\/v2\/types\/product"}],"replies":[{"embeddable":true,"href":"https:\/\/fisoherbal.com\/en\/wp-json\/wp\/v2\/comments?post=7279"}],"wp:attachment":[{"href":"https:\/\/fisoherbal.com\/en\/wp-json\/wp\/v2\/media?parent=7279"}],"wp:term":[{"taxonomy":"product_brand","embeddable":true,"href":"https:\/\/fisoherbal.com\/en\/wp-json\/wp\/v2\/product_brand?post=7279"},{"taxonomy":"product_cat","embeddable":true,"href":"https:\/\/fisoherbal.com\/en\/wp-json\/wp\/v2\/product_cat?post=7279"},{"taxonomy":"product_tag","embeddable":true,"href":"https:\/\/fisoherbal.com\/en\/wp-json\/wp\/v2\/product_tag?post=7279"}],"curies":[{"name":"wp","href":"https:\/\/api.w.org\/{rel}","templated":true}]}}