{"id":7285,"date":"2025-09-04T05:21:45","date_gmt":"2025-09-04T05:21:45","guid":{"rendered":"https:\/\/fisoherbal.com\/?post_type=product&#038;p=7285"},"modified":"2025-09-04T05:21:45","modified_gmt":"2025-09-04T05:21:45","slug":"gaba","status":"publish","type":"product","link":"https:\/\/fisoherbal.com\/en\/product\/gaba\/","title":{"rendered":"GABA"},"content":{"rendered":"<p data-start=\"4322\" data-end=\"4697\">El <strong data-start=\"4350\" data-end=\"4368\">GABA Nutricost<\/strong> es un suplemento dise\u00f1ado para apoyar el equilibrio del sistema nervioso central. Act\u00faa como un neurotransmisor inhibidor que ayuda a reducir la excitaci\u00f3n neuronal, promoviendo calma y relajaci\u00f3n.<br data-start=\"4566\" data-end=\"4569\" \/>Es ideal para personas que buscan controlar la ansiedad, mejorar la calidad del sue\u00f1o o reducir la tensi\u00f3n asociada al estr\u00e9s.<\/p>\n<p data-start=\"4699\" data-end=\"4728\"><strong data-start=\"4699\" data-end=\"4726\">Beneficios principales:<\/strong><\/p>\n<ul data-start=\"4729\" data-end=\"4908\">\n<li data-start=\"4729\" data-end=\"4772\">\n<p data-start=\"4731\" data-end=\"4772\">Favorece la relajaci\u00f3n mental y f\u00edsica.<\/p>\n<\/li>\n<li data-start=\"4773\" data-end=\"4808\">\n<p data-start=\"4775\" data-end=\"4808\">Apoya un descanso m\u00e1s profundo.<\/p>\n<\/li>\n<li data-start=\"4809\" data-end=\"4854\">\n<p data-start=\"4811\" data-end=\"4854\">Reduce la sensaci\u00f3n de estr\u00e9s y ansiedad.<\/p>\n<\/li>\n<li data-start=\"4855\" data-end=\"4908\">\n<p data-start=\"4857\" data-end=\"4908\">Ayuda en la concentraci\u00f3n y equilibrio emocional.<\/p>\n<\/li>\n<\/ul>","protected":false},"excerpt":{"rendered":"<p data-start=\"4211\" data-end=\"4320\">Neurotransmisor natural que promueve <strong data-start=\"4273\" data-end=\"4317\">relajaci\u00f3n, calma y reducci\u00f3n del estr\u00e9s<\/strong>.<\/p>\n<p data-start=\"4322\" data-end=\"4697\">","protected":false},"featured_media":0,"comment_status":"open","ping_status":"closed","template":"","meta":[],"product_brand":[53],"product_cat":[120,126,15],"product_tag":[124,129,128,127,130,65],"class_list":{"0":"post-7285","1":"product","2":"type-product","3":"status-publish","5":"product_brand-nutricost","6":"product_cat-bienestar-mental","7":"product_cat-relajacion-y-sueno","8":"product_cat-todos","9":"product_tag-ansiedad","10":"product_tag-calma","11":"product_tag-estres","12":"product_tag-gaba","13":"product_tag-neurotransmisor","14":"product_tag-relajacion","16":"first","17":"instock","18":"sale","19":"shipping-taxable","20":"purchasable","21":"product-type-simple"},"_links":{"self":[{"href":"https:\/\/fisoherbal.com\/en\/wp-json\/wp\/v2\/product\/7285","targetHints":{"allow":["GET"]}}],"collection":[{"href":"https:\/\/fisoherbal.com\/en\/wp-json\/wp\/v2\/product"}],"about":[{"href":"https:\/\/fisoherbal.com\/en\/wp-json\/wp\/v2\/types\/product"}],"replies":[{"embeddable":true,"href":"https:\/\/fisoherbal.com\/en\/wp-json\/wp\/v2\/comments?post=7285"}],"wp:attachment":[{"href":"https:\/\/fisoherbal.com\/en\/wp-json\/wp\/v2\/media?parent=7285"}],"wp:term":[{"taxonomy":"product_brand","embeddable":true,"href":"https:\/\/fisoherbal.com\/en\/wp-json\/wp\/v2\/product_brand?post=7285"},{"taxonomy":"product_cat","embeddable":true,"href":"https:\/\/fisoherbal.com\/en\/wp-json\/wp\/v2\/product_cat?post=7285"},{"taxonomy":"product_tag","embeddable":true,"href":"https:\/\/fisoherbal.com\/en\/wp-json\/wp\/v2\/product_tag?post=7285"}],"curies":[{"name":"wp","href":"https:\/\/api.w.org\/{rel}","templated":true}]}}