{"id":7286,"date":"2025-09-04T05:24:36","date_gmt":"2025-09-04T05:24:36","guid":{"rendered":"https:\/\/fisoherbal.com\/?post_type=product&#038;p=7286"},"modified":"2025-09-04T05:24:37","modified_gmt":"2025-09-04T05:24:37","slug":"ginkgo-biloba","status":"publish","type":"product","link":"https:\/\/fisoherbal.com\/en\/product\/ginkgo-biloba\/","title":{"rendered":"Ginkgo Biloba"},"content":{"rendered":"<p data-start=\"325\" data-end=\"753\">El <strong data-start=\"353\" data-end=\"383\">Ginkgo Biloba Mediterr\u00e1neo<\/strong> es un suplemento natural elaborado a partir de hojas de este \u00e1rbol milenario, conocido por su capacidad de estimular la circulaci\u00f3n sangu\u00ednea, en especial a nivel cerebral.<br data-start=\"556\" data-end=\"559\" \/>Es recomendado para personas que buscan mejorar su memoria, concentraci\u00f3n y agudeza mental. Adem\u00e1s, aporta propiedades antioxidantes que ayudan a proteger las c\u00e9lulas contra el da\u00f1o oxidativo.<\/p>\n<p data-start=\"755\" data-end=\"784\"><strong data-start=\"755\" data-end=\"782\">Beneficios principales:<\/strong><\/p>\n<ul data-start=\"785\" data-end=\"964\">\n<li data-start=\"785\" data-end=\"828\">\n<p data-start=\"787\" data-end=\"828\">Estimula la memoria y la concentraci\u00f3n.<\/p>\n<\/li>\n<li data-start=\"829\" data-end=\"877\">\n<p data-start=\"831\" data-end=\"877\">Mejora la circulaci\u00f3n cerebral y perif\u00e9rica.<\/p>\n<\/li>\n<li data-start=\"878\" data-end=\"915\">\n<p data-start=\"880\" data-end=\"915\">Aporta propiedades antioxidantes.<\/p>\n<\/li>\n<li data-start=\"916\" data-end=\"964\">\n<p data-start=\"918\" data-end=\"964\">Apoya la claridad mental en adultos mayores.<\/p>\n<\/li>\n<\/ul>","protected":false},"excerpt":{"rendered":"<p data-start=\"201\" data-end=\"323\">Extracto herbal que mejora la <strong data-start=\"256\" data-end=\"280\">circulaci\u00f3n cerebral<\/strong>, favorece la memoria y la concentraci\u00f3n.<\/p>\n<p data-start=\"325\" data-end=\"753\">","protected":false},"featured_media":0,"comment_status":"open","ping_status":"closed","template":"","meta":[],"product_brand":[132],"product_cat":[107,131,15],"product_tag":[84,135,134,133,77,136],"class_list":{"0":"post-7286","1":"product","2":"type-product","3":"status-publish","5":"product_brand-mediterraneo","6":"product_cat-herbal-natural","7":"product_cat-salud-cognitiva","8":"product_cat-todos","9":"product_tag-antioxidante","10":"product_tag-circulacion","11":"product_tag-concentracion","12":"product_tag-ginkgo-biloba","13":"product_tag-memoria","14":"product_tag-salud-cerebral","16":"first","17":"instock","18":"shipping-taxable","19":"purchasable","20":"product-type-simple"},"_links":{"self":[{"href":"https:\/\/fisoherbal.com\/en\/wp-json\/wp\/v2\/product\/7286","targetHints":{"allow":["GET"]}}],"collection":[{"href":"https:\/\/fisoherbal.com\/en\/wp-json\/wp\/v2\/product"}],"about":[{"href":"https:\/\/fisoherbal.com\/en\/wp-json\/wp\/v2\/types\/product"}],"replies":[{"embeddable":true,"href":"https:\/\/fisoherbal.com\/en\/wp-json\/wp\/v2\/comments?post=7286"}],"wp:attachment":[{"href":"https:\/\/fisoherbal.com\/en\/wp-json\/wp\/v2\/media?parent=7286"}],"wp:term":[{"taxonomy":"product_brand","embeddable":true,"href":"https:\/\/fisoherbal.com\/en\/wp-json\/wp\/v2\/product_brand?post=7286"},{"taxonomy":"product_cat","embeddable":true,"href":"https:\/\/fisoherbal.com\/en\/wp-json\/wp\/v2\/product_cat?post=7286"},{"taxonomy":"product_tag","embeddable":true,"href":"https:\/\/fisoherbal.com\/en\/wp-json\/wp\/v2\/product_tag?post=7286"}],"curies":[{"name":"wp","href":"https:\/\/api.w.org\/{rel}","templated":true}]}}