{"id":7292,"date":"2025-09-04T05:39:51","date_gmt":"2025-09-04T05:39:51","guid":{"rendered":"https:\/\/fisoherbal.com\/?post_type=product&#038;p=7292"},"modified":"2025-09-04T05:39:52","modified_gmt":"2025-09-04T05:39:52","slug":"candida-support","status":"publish","type":"product","link":"https:\/\/fisoherbal.com\/en\/product\/candida-support\/","title":{"rendered":"Candida Support"},"content":{"rendered":"<p data-start=\"326\" data-end=\"737\">El <strong data-start=\"354\" data-end=\"382\">Candida Support Nutresse<\/strong> est\u00e1 dise\u00f1ado para apoyar la salud digestiva mediante una combinaci\u00f3n de extractos naturales y probi\u00f3ticos que ayudan a controlar el crecimiento de la levadura <em data-start=\"543\" data-end=\"561\">Candida albicans<\/em>. Contribuye a restablecer el equilibrio intestinal, mejorar la digesti\u00f3n y reducir molestias como gases, hinchaz\u00f3n o fatiga relacionadas con desequilibrios de la microbiota.<\/p>\n<p data-start=\"739\" data-end=\"768\"><strong data-start=\"739\" data-end=\"766\">Beneficios principales:<\/strong><\/p>\n<ul data-start=\"769\" data-end=\"922\">\n<li data-start=\"769\" data-end=\"803\">\n<p data-start=\"771\" data-end=\"803\">Equilibra la flora intestinal.<\/p>\n<\/li>\n<li data-start=\"804\" data-end=\"850\">\n<p data-start=\"806\" data-end=\"850\">Reduce el crecimiento excesivo de c\u00e1ndida.<\/p>\n<\/li>\n<li data-start=\"851\" data-end=\"884\">\n<p data-start=\"853\" data-end=\"884\">Apoya la digesti\u00f3n saludable.<\/p>\n<\/li>\n<li data-start=\"885\" data-end=\"922\">\n<p data-start=\"887\" data-end=\"922\">Refuerza el sistema inmunol\u00f3gico.<\/p>\n<\/li>\n<\/ul>","protected":false},"excerpt":{"rendered":"<p data-start=\"189\" data-end=\"324\">F\u00f3rmula especializada para equilibrar la <strong data-start=\"255\" data-end=\"275\">flora intestinal<\/strong> y prevenir el crecimiento excesivo de c\u00e1ndida.<\/p>\n<p data-start=\"326\" data-end=\"737\">","protected":false},"featured_media":0,"comment_status":"open","ping_status":"closed","template":"","meta":[],"product_brand":[55],"product_cat":[145,160,138,15],"product_tag":[161,142,162,87,164,163],"class_list":{"0":"post-7292","1":"product","2":"type-product","3":"status-publish","5":"product_brand-nutresse","6":"product_cat-inmunidad","7":"product_cat-probioticos","8":"product_cat-salud-digestiva","9":"product_cat-todos","10":"product_tag-candida","11":"product_tag-digestion","12":"product_tag-flora-intestinal","13":"product_tag-inmunidad","14":"product_tag-microbiota","15":"product_tag-probioticos","17":"first","18":"instock","19":"shipping-taxable","20":"purchasable","21":"product-type-simple"},"_links":{"self":[{"href":"https:\/\/fisoherbal.com\/en\/wp-json\/wp\/v2\/product\/7292","targetHints":{"allow":["GET"]}}],"collection":[{"href":"https:\/\/fisoherbal.com\/en\/wp-json\/wp\/v2\/product"}],"about":[{"href":"https:\/\/fisoherbal.com\/en\/wp-json\/wp\/v2\/types\/product"}],"replies":[{"embeddable":true,"href":"https:\/\/fisoherbal.com\/en\/wp-json\/wp\/v2\/comments?post=7292"}],"wp:attachment":[{"href":"https:\/\/fisoherbal.com\/en\/wp-json\/wp\/v2\/media?parent=7292"}],"wp:term":[{"taxonomy":"product_brand","embeddable":true,"href":"https:\/\/fisoherbal.com\/en\/wp-json\/wp\/v2\/product_brand?post=7292"},{"taxonomy":"product_cat","embeddable":true,"href":"https:\/\/fisoherbal.com\/en\/wp-json\/wp\/v2\/product_cat?post=7292"},{"taxonomy":"product_tag","embeddable":true,"href":"https:\/\/fisoherbal.com\/en\/wp-json\/wp\/v2\/product_tag?post=7292"}],"curies":[{"name":"wp","href":"https:\/\/api.w.org\/{rel}","templated":true}]}}