{"id":7293,"date":"2025-09-04T05:41:40","date_gmt":"2025-09-04T05:41:40","guid":{"rendered":"https:\/\/fisoherbal.com\/?post_type=product&#038;p=7293"},"modified":"2025-09-04T05:41:41","modified_gmt":"2025-09-04T05:41:41","slug":"zinc","status":"publish","type":"product","link":"https:\/\/fisoherbal.com\/en\/product\/zinc\/","title":{"rendered":"Zinc"},"content":{"rendered":"<p data-start=\"1266\" data-end=\"1599\">El <strong data-start=\"1294\" data-end=\"1306\">Zinc NOW<\/strong> es un suplemento fundamental para el mantenimiento de un sistema inmunol\u00f3gico fuerte y saludable. Adem\u00e1s, participa en la regeneraci\u00f3n celular, el metabolismo y la cicatrizaci\u00f3n de heridas. Es especialmente recomendado para personas con defensas bajas, problemas de piel o ca\u00edda de cabello.<\/p>\n<p data-start=\"1601\" data-end=\"1630\"><strong data-start=\"1601\" data-end=\"1628\">Beneficios principales:<\/strong><\/p>\n<ul data-start=\"1631\" data-end=\"1804\">\n<li data-start=\"1631\" data-end=\"1665\">\n<p data-start=\"1633\" data-end=\"1665\">Refuerzo inmunol\u00f3gico natural.<\/p>\n<\/li>\n<li data-start=\"1666\" data-end=\"1713\">\n<p data-start=\"1668\" data-end=\"1713\">Mejora la salud de la piel, cabello y u\u00f1as.<\/p>\n<\/li>\n<li data-start=\"1714\" data-end=\"1755\">\n<p data-start=\"1716\" data-end=\"1755\">Favorece la cicatrizaci\u00f3n de heridas.<\/p>\n<\/li>\n<li data-start=\"1756\" data-end=\"1804\">\n<p data-start=\"1758\" data-end=\"1804\">Contribuye a la fertilidad y salud hormonal.<\/p>\n<\/li>\n<\/ul>","protected":false},"excerpt":{"rendered":"<p data-start=\"1141\" data-end=\"1264\">Mineral esencial que fortalece el <strong data-start=\"1200\" data-end=\"1218\">sistema inmune<\/strong>, apoya la piel y favorece la cicatrizaci\u00f3n.<\/p>\n<p data-start=\"1266\" data-end=\"1599\">","protected":false},"featured_media":0,"comment_status":"open","ping_status":"closed","template":"","meta":[],"product_brand":[51],"product_cat":[59,165,81,15],"product_tag":[169,170,85,87,167,168,166],"class_list":{"0":"post-7293","1":"product","2":"type-product","3":"status-publish","5":"product_brand-now","6":"product_cat-minerales","7":"product_cat-salud-piel-y-cabello","8":"product_cat-sistema-inmune","9":"product_cat-todos","10":"product_tag-cabello","11":"product_tag-cicatrizacion","12":"product_tag-defensas","13":"product_tag-inmunidad","14":"product_tag-piel","15":"product_tag-unas","16":"product_tag-zinc","18":"first","19":"instock","20":"shipping-taxable","21":"purchasable","22":"product-type-simple"},"_links":{"self":[{"href":"https:\/\/fisoherbal.com\/en\/wp-json\/wp\/v2\/product\/7293","targetHints":{"allow":["GET"]}}],"collection":[{"href":"https:\/\/fisoherbal.com\/en\/wp-json\/wp\/v2\/product"}],"about":[{"href":"https:\/\/fisoherbal.com\/en\/wp-json\/wp\/v2\/types\/product"}],"replies":[{"embeddable":true,"href":"https:\/\/fisoherbal.com\/en\/wp-json\/wp\/v2\/comments?post=7293"}],"wp:attachment":[{"href":"https:\/\/fisoherbal.com\/en\/wp-json\/wp\/v2\/media?parent=7293"}],"wp:term":[{"taxonomy":"product_brand","embeddable":true,"href":"https:\/\/fisoherbal.com\/en\/wp-json\/wp\/v2\/product_brand?post=7293"},{"taxonomy":"product_cat","embeddable":true,"href":"https:\/\/fisoherbal.com\/en\/wp-json\/wp\/v2\/product_cat?post=7293"},{"taxonomy":"product_tag","embeddable":true,"href":"https:\/\/fisoherbal.com\/en\/wp-json\/wp\/v2\/product_tag?post=7293"}],"curies":[{"name":"wp","href":"https:\/\/api.w.org\/{rel}","templated":true}]}}