{"id":7295,"date":"2025-09-04T05:43:22","date_gmt":"2025-09-04T05:43:22","guid":{"rendered":"https:\/\/fisoherbal.com\/?post_type=product&#038;p=7295"},"modified":"2025-09-04T05:45:43","modified_gmt":"2025-09-04T05:45:43","slug":"vitamina-b1-tiamina","status":"publish","type":"product","link":"https:\/\/fisoherbal.com\/en\/product\/vitamina-b1-tiamina\/","title":{"rendered":"Vitamina B1 (Tiamina)"},"content":{"rendered":"<p data-start=\"2168\" data-end=\"2487\">La <strong data-start=\"2196\" data-end=\"2215\">Vitamina B1 NOW<\/strong> (Tiamina) es un nutriente clave en la conversi\u00f3n de carbohidratos en energ\u00eda. Es fundamental para mantener la funci\u00f3n nerviosa, apoyar la salud muscular y prevenir el cansancio excesivo. Su deficiencia puede provocar debilidad, irritabilidad y p\u00e9rdida de concentraci\u00f3n.<\/p>\n<p data-start=\"2489\" data-end=\"2518\"><strong data-start=\"2489\" data-end=\"2516\">Beneficios principales:<\/strong><\/p>\n<ul data-start=\"2519\" data-end=\"2675\">\n<li data-start=\"2519\" data-end=\"2558\">\n<p data-start=\"2521\" data-end=\"2558\">Favorece el metabolismo energ\u00e9tico.<\/p>\n<\/li>\n<li data-start=\"2559\" data-end=\"2589\">\n<p data-start=\"2561\" data-end=\"2589\">Apoya el sistema nervioso.<\/p>\n<\/li>\n<li data-start=\"2590\" data-end=\"2626\">\n<p data-start=\"2592\" data-end=\"2626\">Reduce la fatiga y el cansancio.<\/p>\n<\/li>\n<li data-start=\"2627\" data-end=\"2675\">\n<p data-start=\"2629\" data-end=\"2675\">Importante en dietas altas en carbohidratos.<\/p>\n<\/li>\n<\/ul>","protected":false},"excerpt":{"rendered":"<p data-start=\"2036\" data-end=\"2166\">Vitamina esencial para el <strong data-start=\"2087\" data-end=\"2113\">metabolismo energ\u00e9tico<\/strong> y el correcto funcionamiento del sistema nervioso.<\/p>\n<p data-start=\"2168\" data-end=\"2487\">","protected":false},"featured_media":0,"comment_status":"open","ping_status":"closed","template":"","meta":[],"product_brand":[51],"product_cat":[172,156,15,80,171],"product_tag":[175,91,143,66,174,173],"class_list":{"0":"post-7295","1":"product","2":"type-product","3":"status-publish","5":"product_brand-now","6":"product_cat-energia-y-metabolismo","7":"product_cat-metabolismo","8":"product_cat-todos","9":"product_cat-vitaminas","10":"product_cat-vitaminas-del-complejo-b","11":"product_tag-complejo-b","12":"product_tag-energia","13":"product_tag-metabolismo","14":"product_tag-sistema-nervioso","15":"product_tag-tiamina","16":"product_tag-vitamina-b1","18":"first","19":"instock","20":"shipping-taxable","21":"purchasable","22":"product-type-simple"},"_links":{"self":[{"href":"https:\/\/fisoherbal.com\/en\/wp-json\/wp\/v2\/product\/7295","targetHints":{"allow":["GET"]}}],"collection":[{"href":"https:\/\/fisoherbal.com\/en\/wp-json\/wp\/v2\/product"}],"about":[{"href":"https:\/\/fisoherbal.com\/en\/wp-json\/wp\/v2\/types\/product"}],"replies":[{"embeddable":true,"href":"https:\/\/fisoherbal.com\/en\/wp-json\/wp\/v2\/comments?post=7295"}],"wp:attachment":[{"href":"https:\/\/fisoherbal.com\/en\/wp-json\/wp\/v2\/media?parent=7295"}],"wp:term":[{"taxonomy":"product_brand","embeddable":true,"href":"https:\/\/fisoherbal.com\/en\/wp-json\/wp\/v2\/product_brand?post=7295"},{"taxonomy":"product_cat","embeddable":true,"href":"https:\/\/fisoherbal.com\/en\/wp-json\/wp\/v2\/product_cat?post=7295"},{"taxonomy":"product_tag","embeddable":true,"href":"https:\/\/fisoherbal.com\/en\/wp-json\/wp\/v2\/product_tag?post=7295"}],"curies":[{"name":"wp","href":"https:\/\/api.w.org\/{rel}","templated":true}]}}