{"id":7296,"date":"2025-09-04T05:44:56","date_gmt":"2025-09-04T05:44:56","guid":{"rendered":"https:\/\/fisoherbal.com\/?post_type=product&#038;p=7296"},"modified":"2025-09-04T05:45:51","modified_gmt":"2025-09-04T05:45:51","slug":"vitamina-b2-riboflavina","status":"publish","type":"product","link":"https:\/\/fisoherbal.com\/en\/product\/vitamina-b2-riboflavina\/","title":{"rendered":"Vitamina B2 (Riboflavina)"},"content":{"rendered":"<p data-start=\"3040\" data-end=\"3333\">La <strong data-start=\"3068\" data-end=\"3087\">Vitamina B2 NOW<\/strong> (Riboflavina) es un cofactor esencial en la producci\u00f3n de energ\u00eda celular. Tambi\u00e9n contribuye a la salud ocular, protege la piel y participa en el metabolismo de prote\u00ednas y grasas. Su deficiencia puede generar problemas de visi\u00f3n y piel seca.<\/p>\n<p data-start=\"3335\" data-end=\"3364\"><strong data-start=\"3335\" data-end=\"3362\">Beneficios principales:<\/strong><\/p>\n<ul data-start=\"3365\" data-end=\"3521\">\n<li data-start=\"3365\" data-end=\"3403\">\n<p data-start=\"3367\" data-end=\"3403\">Favorece la producci\u00f3n de energ\u00eda.<\/p>\n<\/li>\n<li data-start=\"3404\" data-end=\"3440\">\n<p data-start=\"3406\" data-end=\"3440\">Apoya la salud visual y cut\u00e1nea.<\/p>\n<\/li>\n<li data-start=\"3441\" data-end=\"3485\">\n<p data-start=\"3443\" data-end=\"3485\">Contribuye al metabolismo de nutrientes.<\/p>\n<\/li>\n<li data-start=\"3486\" data-end=\"3521\">\n<p data-start=\"3488\" data-end=\"3521\">Esencial en dietas balanceadas.<\/p>\n<\/li>\n<\/ul>","protected":false},"excerpt":{"rendered":"<p data-start=\"2922\" data-end=\"3038\">Vitamina hidrosoluble que apoya la <strong data-start=\"2982\" data-end=\"3007\">producci\u00f3n de energ\u00eda<\/strong> y la salud ocular y cut\u00e1nea.<\/p>\n<p data-start=\"3040\" data-end=\"3333\">","protected":false},"featured_media":0,"comment_status":"open","ping_status":"closed","template":"","meta":[],"product_brand":[51],"product_cat":[172,156,15,80,171],"product_tag":[175,91,143,167,177,178,176],"class_list":{"0":"post-7296","1":"product","2":"type-product","3":"status-publish","5":"product_brand-now","6":"product_cat-energia-y-metabolismo","7":"product_cat-metabolismo","8":"product_cat-todos","9":"product_cat-vitaminas","10":"product_cat-vitaminas-del-complejo-b","11":"product_tag-complejo-b","12":"product_tag-energia","13":"product_tag-metabolismo","14":"product_tag-piel","15":"product_tag-riboflavina","16":"product_tag-vision","17":"product_tag-vitamina-b2","19":"first","20":"instock","21":"shipping-taxable","22":"purchasable","23":"product-type-simple"},"_links":{"self":[{"href":"https:\/\/fisoherbal.com\/en\/wp-json\/wp\/v2\/product\/7296","targetHints":{"allow":["GET"]}}],"collection":[{"href":"https:\/\/fisoherbal.com\/en\/wp-json\/wp\/v2\/product"}],"about":[{"href":"https:\/\/fisoherbal.com\/en\/wp-json\/wp\/v2\/types\/product"}],"replies":[{"embeddable":true,"href":"https:\/\/fisoherbal.com\/en\/wp-json\/wp\/v2\/comments?post=7296"}],"wp:attachment":[{"href":"https:\/\/fisoherbal.com\/en\/wp-json\/wp\/v2\/media?parent=7296"}],"wp:term":[{"taxonomy":"product_brand","embeddable":true,"href":"https:\/\/fisoherbal.com\/en\/wp-json\/wp\/v2\/product_brand?post=7296"},{"taxonomy":"product_cat","embeddable":true,"href":"https:\/\/fisoherbal.com\/en\/wp-json\/wp\/v2\/product_cat?post=7296"},{"taxonomy":"product_tag","embeddable":true,"href":"https:\/\/fisoherbal.com\/en\/wp-json\/wp\/v2\/product_tag?post=7296"}],"curies":[{"name":"wp","href":"https:\/\/api.w.org\/{rel}","templated":true}]}}