{"id":7297,"date":"2025-09-04T05:48:13","date_gmt":"2025-09-04T05:48:13","guid":{"rendered":"https:\/\/fisoherbal.com\/?post_type=product&#038;p=7297"},"modified":"2025-09-04T05:48:13","modified_gmt":"2025-09-04T05:48:13","slug":"vitamina-b3-niacina","status":"publish","type":"product","link":"https:\/\/fisoherbal.com\/en\/product\/vitamina-b3-niacina\/","title":{"rendered":"Vitamina B3 (Niacina)"},"content":{"rendered":"<p data-start=\"3900\" data-end=\"4261\">La <strong data-start=\"3928\" data-end=\"3947\">Vitamina B3 NOW<\/strong> (Niacina) participa en m\u00faltiples procesos metab\u00f3licos relacionados con la producci\u00f3n de energ\u00eda y la reparaci\u00f3n celular. Adem\u00e1s, ayuda a mejorar la circulaci\u00f3n, reducir el colesterol LDL y apoyar la salud cardiovascular. Su uso debe ser supervisado debido al posible efecto \u201cflushing\u201d (enrojecimiento temporal).<\/p>\n<p data-start=\"4263\" data-end=\"4292\"><strong data-start=\"4263\" data-end=\"4290\">Beneficios principales:<\/strong><\/p>\n<ul data-start=\"4293\" data-end=\"4443\">\n<li data-start=\"4293\" data-end=\"4330\">\n<p data-start=\"4295\" data-end=\"4330\">Favorece la salud cardiovascular.<\/p>\n<\/li>\n<li data-start=\"4331\" data-end=\"4373\">\n<p data-start=\"4333\" data-end=\"4373\">Contribuye a la producci\u00f3n de energ\u00eda.<\/p>\n<\/li>\n<li data-start=\"4374\" data-end=\"4410\">\n<p data-start=\"4376\" data-end=\"4410\">Mejora la circulaci\u00f3n sangu\u00ednea.<\/p>\n<\/li>\n<li data-start=\"4411\" data-end=\"4443\">\n<p data-start=\"4413\" data-end=\"4443\">Apoya la reparaci\u00f3n celular.<\/p>\n<\/li>\n<\/ul>","protected":false},"excerpt":{"rendered":"<p data-start=\"3764\" data-end=\"3898\">Vitamina esencial que favorece la <strong data-start=\"3823\" data-end=\"3895\">circulaci\u00f3n sangu\u00ednea, metabolismo energ\u00e9tico y salud cardiovascular<\/strong>.<\/p>\n<p data-start=\"3900\" data-end=\"4261\">","protected":false},"featured_media":0,"comment_status":"open","ping_status":"closed","template":"","meta":[],"product_brand":[51],"product_cat":[172,156,70,15,80,171],"product_tag":[135,181,91,143,180,179],"class_list":{"0":"post-7297","1":"product","2":"type-product","3":"status-publish","5":"product_brand-now","6":"product_cat-energia-y-metabolismo","7":"product_cat-metabolismo","8":"product_cat-salud-cardiovascular","9":"product_cat-todos","10":"product_cat-vitaminas","11":"product_cat-vitaminas-del-complejo-b","12":"product_tag-circulacion","13":"product_tag-colesterol","14":"product_tag-energia","15":"product_tag-metabolismo","16":"product_tag-niacina","17":"product_tag-vitamina-b3","19":"first","20":"instock","21":"shipping-taxable","22":"purchasable","23":"product-type-simple"},"_links":{"self":[{"href":"https:\/\/fisoherbal.com\/en\/wp-json\/wp\/v2\/product\/7297","targetHints":{"allow":["GET"]}}],"collection":[{"href":"https:\/\/fisoherbal.com\/en\/wp-json\/wp\/v2\/product"}],"about":[{"href":"https:\/\/fisoherbal.com\/en\/wp-json\/wp\/v2\/types\/product"}],"replies":[{"embeddable":true,"href":"https:\/\/fisoherbal.com\/en\/wp-json\/wp\/v2\/comments?post=7297"}],"wp:attachment":[{"href":"https:\/\/fisoherbal.com\/en\/wp-json\/wp\/v2\/media?parent=7297"}],"wp:term":[{"taxonomy":"product_brand","embeddable":true,"href":"https:\/\/fisoherbal.com\/en\/wp-json\/wp\/v2\/product_brand?post=7297"},{"taxonomy":"product_cat","embeddable":true,"href":"https:\/\/fisoherbal.com\/en\/wp-json\/wp\/v2\/product_cat?post=7297"},{"taxonomy":"product_tag","embeddable":true,"href":"https:\/\/fisoherbal.com\/en\/wp-json\/wp\/v2\/product_tag?post=7297"}],"curies":[{"name":"wp","href":"https:\/\/api.w.org\/{rel}","templated":true}]}}