{"id":7298,"date":"2025-09-04T05:51:05","date_gmt":"2025-09-04T05:51:05","guid":{"rendered":"https:\/\/fisoherbal.com\/?post_type=product&#038;p=7298"},"modified":"2025-09-04T05:51:06","modified_gmt":"2025-09-04T05:51:06","slug":"complejo-b100","status":"publish","type":"product","link":"https:\/\/fisoherbal.com\/en\/product\/complejo-b100\/","title":{"rendered":"Complejo B100"},"content":{"rendered":"<p data-start=\"306\" data-end=\"735\">El <strong data-start=\"334\" data-end=\"355\">Complejo B100 NOW<\/strong> aporta una combinaci\u00f3n equilibrada de vitaminas del grupo B en dosis \u00f3ptimas. Estas vitaminas son fundamentales para el metabolismo energ\u00e9tico, el funcionamiento del sistema nervioso, la producci\u00f3n de gl\u00f3bulos rojos y el mantenimiento de la salud mental.<br data-start=\"610\" data-end=\"613\" \/>Es recomendado para personas con alta carga de estr\u00e9s, estudiantes, deportistas y quienes buscan mayor vitalidad diaria.<\/p>\n<p data-start=\"737\" data-end=\"766\"><strong data-start=\"737\" data-end=\"764\">Beneficios principales:<\/strong><\/p>\n<ul data-start=\"767\" data-end=\"963\">\n<li data-start=\"767\" data-end=\"829\">\n<p data-start=\"769\" data-end=\"829\">Apoya el metabolismo de carbohidratos, prote\u00ednas y grasas.<\/p>\n<\/li>\n<li data-start=\"830\" data-end=\"876\">\n<p data-start=\"832\" data-end=\"876\">Favorece la producci\u00f3n de energ\u00eda celular.<\/p>\n<\/li>\n<li data-start=\"877\" data-end=\"924\">\n<p data-start=\"879\" data-end=\"924\">Contribuye a la salud del sistema nervioso.<\/p>\n<\/li>\n<li data-start=\"925\" data-end=\"963\">\n<p data-start=\"927\" data-end=\"963\">Refuerza la resistencia al estr\u00e9s.<\/p>\n<\/li>\n<\/ul>\n<p data-start=\"965\" data-end=\"1153\">","protected":false},"excerpt":{"rendered":"<p data-start=\"183\" data-end=\"304\">F\u00f3rmula completa de <strong data-start=\"228\" data-end=\"256\">vitaminas del complejo B<\/strong> para energ\u00eda, metabolismo y sistema nervioso.<\/p>\n<p data-start=\"306\" data-end=\"735\">","protected":false},"featured_media":0,"comment_status":"open","ping_status":"closed","template":"","meta":[],"product_brand":[51],"product_cat":[172,156,15,80,171],"product_tag":[175,91,143,66,183,182],"class_list":{"0":"post-7298","1":"product","2":"type-product","3":"status-publish","5":"product_brand-now","6":"product_cat-energia-y-metabolismo","7":"product_cat-metabolismo","8":"product_cat-todos","9":"product_cat-vitaminas","10":"product_cat-vitaminas-del-complejo-b","11":"product_tag-complejo-b","12":"product_tag-energia","13":"product_tag-metabolismo","14":"product_tag-sistema-nervioso","15":"product_tag-vitalidad","16":"product_tag-vitaminas-b","18":"first","19":"instock","20":"shipping-taxable","21":"purchasable","22":"product-type-simple"},"_links":{"self":[{"href":"https:\/\/fisoherbal.com\/en\/wp-json\/wp\/v2\/product\/7298","targetHints":{"allow":["GET"]}}],"collection":[{"href":"https:\/\/fisoherbal.com\/en\/wp-json\/wp\/v2\/product"}],"about":[{"href":"https:\/\/fisoherbal.com\/en\/wp-json\/wp\/v2\/types\/product"}],"replies":[{"embeddable":true,"href":"https:\/\/fisoherbal.com\/en\/wp-json\/wp\/v2\/comments?post=7298"}],"wp:attachment":[{"href":"https:\/\/fisoherbal.com\/en\/wp-json\/wp\/v2\/media?parent=7298"}],"wp:term":[{"taxonomy":"product_brand","embeddable":true,"href":"https:\/\/fisoherbal.com\/en\/wp-json\/wp\/v2\/product_brand?post=7298"},{"taxonomy":"product_cat","embeddable":true,"href":"https:\/\/fisoherbal.com\/en\/wp-json\/wp\/v2\/product_cat?post=7298"},{"taxonomy":"product_tag","embeddable":true,"href":"https:\/\/fisoherbal.com\/en\/wp-json\/wp\/v2\/product_tag?post=7298"}],"curies":[{"name":"wp","href":"https:\/\/api.w.org\/{rel}","templated":true}]}}