{"id":7299,"date":"2025-09-04T05:53:00","date_gmt":"2025-09-04T05:53:00","guid":{"rendered":"https:\/\/fisoherbal.com\/?post_type=product&#038;p=7299"},"modified":"2025-09-04T05:53:01","modified_gmt":"2025-09-04T05:53:01","slug":"vitamina-b6-piridoxina","status":"publish","type":"product","link":"https:\/\/fisoherbal.com\/en\/product\/vitamina-b6-piridoxina\/","title":{"rendered":"Vitamina B6 (Piridoxina)"},"content":{"rendered":"<p data-start=\"1350\" data-end=\"1657\">La <strong data-start=\"1378\" data-end=\"1397\">Vitamina B6 NOW<\/strong> desempe\u00f1a un papel clave en la s\u00edntesis de amino\u00e1cidos y neurotransmisores como la serotonina y la dopamina. Adem\u00e1s, apoya la formaci\u00f3n de hemoglobina y la regulaci\u00f3n hormonal. Es especialmente \u00fatil en casos de fatiga, irritabilidad y s\u00edndrome premenstrual.<\/p>\n<p data-start=\"1659\" data-end=\"1688\"><strong data-start=\"1659\" data-end=\"1686\">Beneficios principales:<\/strong><\/p>\n<ul data-start=\"1689\" data-end=\"1864\">\n<li data-start=\"1689\" data-end=\"1726\">\n<p data-start=\"1691\" data-end=\"1726\">Favorece el metabolismo proteico.<\/p>\n<\/li>\n<li data-start=\"1727\" data-end=\"1776\">\n<p data-start=\"1729\" data-end=\"1776\">Apoya la producci\u00f3n de serotonina y dopamina.<\/p>\n<\/li>\n<li data-start=\"1777\" data-end=\"1815\">\n<p data-start=\"1779\" data-end=\"1815\">Contribuye al equilibrio hormonal.<\/p>\n<\/li>\n<li data-start=\"1816\" data-end=\"1864\">\n<p data-start=\"1818\" data-end=\"1864\">Importante para la formaci\u00f3n de hemoglobina.<\/p>\n<\/li>\n<\/ul>","protected":false},"excerpt":{"rendered":"<p data-start=\"1212\" data-end=\"1348\">Vitamina esencial para el <strong data-start=\"1263\" data-end=\"1291\">metabolismo de prote\u00ednas<\/strong>, producci\u00f3n de neurotransmisores y bienestar hormonal.<\/p>\n<p data-start=\"1350\" data-end=\"1657\">","protected":false},"featured_media":0,"comment_status":"open","ping_status":"closed","template":"","meta":[],"product_brand":[51],"product_cat":[184,15,80,171],"product_tag":[187,188,143,186,122,185],"class_list":{"0":"post-7299","1":"product","2":"type-product","3":"status-publish","5":"product_brand-now","6":"product_cat-bienestar-hormonal","7":"product_cat-todos","8":"product_cat-vitaminas","9":"product_cat-vitaminas-del-complejo-b","10":"product_tag-dopamina","11":"product_tag-hormonas","12":"product_tag-metabolismo","13":"product_tag-piridoxina","14":"product_tag-serotonina","15":"product_tag-vitamina-b6","17":"first","18":"instock","19":"sale","20":"shipping-taxable","21":"purchasable","22":"product-type-simple"},"_links":{"self":[{"href":"https:\/\/fisoherbal.com\/en\/wp-json\/wp\/v2\/product\/7299","targetHints":{"allow":["GET"]}}],"collection":[{"href":"https:\/\/fisoherbal.com\/en\/wp-json\/wp\/v2\/product"}],"about":[{"href":"https:\/\/fisoherbal.com\/en\/wp-json\/wp\/v2\/types\/product"}],"replies":[{"embeddable":true,"href":"https:\/\/fisoherbal.com\/en\/wp-json\/wp\/v2\/comments?post=7299"}],"wp:attachment":[{"href":"https:\/\/fisoherbal.com\/en\/wp-json\/wp\/v2\/media?parent=7299"}],"wp:term":[{"taxonomy":"product_brand","embeddable":true,"href":"https:\/\/fisoherbal.com\/en\/wp-json\/wp\/v2\/product_brand?post=7299"},{"taxonomy":"product_cat","embeddable":true,"href":"https:\/\/fisoherbal.com\/en\/wp-json\/wp\/v2\/product_cat?post=7299"},{"taxonomy":"product_tag","embeddable":true,"href":"https:\/\/fisoherbal.com\/en\/wp-json\/wp\/v2\/product_tag?post=7299"}],"curies":[{"name":"wp","href":"https:\/\/api.w.org\/{rel}","templated":true}]}}