{"id":7300,"date":"2025-09-04T05:54:30","date_gmt":"2025-09-04T05:54:30","guid":{"rendered":"https:\/\/fisoherbal.com\/?post_type=product&#038;p=7300"},"modified":"2025-09-04T05:54:31","modified_gmt":"2025-09-04T05:54:31","slug":"colina-e-inositol","status":"publish","type":"product","link":"https:\/\/fisoherbal.com\/en\/product\/colina-e-inositol\/","title":{"rendered":"Colina e Inositol"},"content":{"rendered":"<p data-start=\"2214\" data-end=\"2580\">El suplemento de <strong data-start=\"2256\" data-end=\"2281\">Colina e Inositol NOW<\/strong> contribuye al buen funcionamiento cerebral y al metabolismo de las grasas. La colina es vital para la memoria y la transmisi\u00f3n nerviosa, mientras que el inositol ayuda en el transporte de l\u00edpidos y en el equilibrio emocional. Juntos forman una poderosa dupla para la salud neurol\u00f3gica y hep\u00e1tica.<\/p>\n<p data-start=\"2582\" data-end=\"2611\"><strong data-start=\"2582\" data-end=\"2609\">Beneficios principales:<\/strong><\/p>\n<ul data-start=\"2612\" data-end=\"2766\">\n<li data-start=\"2612\" data-end=\"2655\">\n<p data-start=\"2614\" data-end=\"2655\">Apoyo a la memoria y funci\u00f3n cognitiva.<\/p>\n<\/li>\n<li data-start=\"2656\" data-end=\"2687\">\n<p data-start=\"2658\" data-end=\"2687\">Favorece la salud hep\u00e1tica.<\/p>\n<\/li>\n<li data-start=\"2688\" data-end=\"2728\">\n<p data-start=\"2690\" data-end=\"2728\">Contribuye al metabolismo de grasas.<\/p>\n<\/li>\n<li data-start=\"2729\" data-end=\"2766\">\n<p data-start=\"2731\" data-end=\"2766\">Ayuda en el equilibrio emocional.<\/p>\n<\/li>\n<\/ul>","protected":false},"excerpt":{"rendered":"<p data-start=\"2096\" data-end=\"2212\">Combinaci\u00f3n de nutrientes esenciales para el <strong data-start=\"2166\" data-end=\"2209\">cerebro, h\u00edgado y metabolismo de grasas<\/strong>.<\/p>\n<p data-start=\"2214\" data-end=\"2580\">","protected":false},"featured_media":0,"comment_status":"open","ping_status":"closed","template":"","meta":[],"product_brand":[51],"product_cat":[156,131,189,15],"product_tag":[190,193,192,191,77,143,136],"class_list":{"0":"post-7300","1":"product","2":"type-product","3":"status-publish","5":"product_brand-now","6":"product_cat-metabolismo","7":"product_cat-salud-cognitiva","8":"product_cat-salud-hepatica","9":"product_cat-todos","10":"product_tag-colina","11":"product_tag-grasas","12":"product_tag-higado","13":"product_tag-inositol","14":"product_tag-memoria","15":"product_tag-metabolismo","16":"product_tag-salud-cerebral","18":"first","19":"instock","20":"shipping-taxable","21":"purchasable","22":"product-type-simple"},"_links":{"self":[{"href":"https:\/\/fisoherbal.com\/en\/wp-json\/wp\/v2\/product\/7300","targetHints":{"allow":["GET"]}}],"collection":[{"href":"https:\/\/fisoherbal.com\/en\/wp-json\/wp\/v2\/product"}],"about":[{"href":"https:\/\/fisoherbal.com\/en\/wp-json\/wp\/v2\/types\/product"}],"replies":[{"embeddable":true,"href":"https:\/\/fisoherbal.com\/en\/wp-json\/wp\/v2\/comments?post=7300"}],"wp:attachment":[{"href":"https:\/\/fisoherbal.com\/en\/wp-json\/wp\/v2\/media?parent=7300"}],"wp:term":[{"taxonomy":"product_brand","embeddable":true,"href":"https:\/\/fisoherbal.com\/en\/wp-json\/wp\/v2\/product_brand?post=7300"},{"taxonomy":"product_cat","embeddable":true,"href":"https:\/\/fisoherbal.com\/en\/wp-json\/wp\/v2\/product_cat?post=7300"},{"taxonomy":"product_tag","embeddable":true,"href":"https:\/\/fisoherbal.com\/en\/wp-json\/wp\/v2\/product_tag?post=7300"}],"curies":[{"name":"wp","href":"https:\/\/api.w.org\/{rel}","templated":true}]}}