{"id":7301,"date":"2025-09-04T05:55:57","date_gmt":"2025-09-04T05:55:57","guid":{"rendered":"https:\/\/fisoherbal.com\/?post_type=product&#038;p=7301"},"modified":"2025-09-04T05:55:57","modified_gmt":"2025-09-04T05:55:57","slug":"biotina","status":"publish","type":"product","link":"https:\/\/fisoherbal.com\/en\/product\/biotina\/","title":{"rendered":"Biotina"},"content":{"rendered":"<p data-start=\"3127\" data-end=\"3462\">La <strong data-start=\"3155\" data-end=\"3170\">Biotina NOW<\/strong> es ampliamente conocida por sus beneficios en la salud est\u00e9tica, fortaleciendo u\u00f1as quebradizas, mejorando la calidad del cabello y favoreciendo una piel m\u00e1s saludable. Adem\u00e1s, participa en el metabolismo de grasas, prote\u00ednas y carbohidratos, siendo esencial para la producci\u00f3n de energ\u00eda.<\/p>\n<p data-start=\"3464\" data-end=\"3493\"><strong data-start=\"3464\" data-end=\"3491\">Beneficios principales:<\/strong><\/p>\n<ul data-start=\"3494\" data-end=\"3642\">\n<li data-start=\"3494\" data-end=\"3523\">\n<p data-start=\"3496\" data-end=\"3523\">Fortalece cabello y u\u00f1as.<\/p>\n<\/li>\n<li data-start=\"3524\" data-end=\"3555\">\n<p data-start=\"3526\" data-end=\"3555\">Mejora la salud de la piel.<\/p>\n<\/li>\n<li data-start=\"3556\" data-end=\"3592\">\n<p data-start=\"3558\" data-end=\"3592\">Apoya el metabolismo energ\u00e9tico.<\/p>\n<\/li>\n<li data-start=\"3593\" data-end=\"3642\">\n<p data-start=\"3595\" data-end=\"3642\">Previene deficiencias en dietas restrictivas.<\/p>\n<\/li>\n<\/ul>","protected":false},"excerpt":{"rendered":"<p data-start=\"2991\" data-end=\"3125\">Vitamina del grupo B que fortalece el <strong data-start=\"3054\" data-end=\"3078\">cabello, u\u00f1as y piel<\/strong>, adem\u00e1s de apoyar el metabolismo energ\u00e9tico.<\/p>\n<p data-start=\"3127\" data-end=\"3462\">","protected":false},"featured_media":0,"comment_status":"open","ping_status":"closed","template":"","meta":[],"product_brand":[51],"product_cat":[172,165,15,80,171],"product_tag":[194,169,175,91,167,168],"class_list":{"0":"post-7301","1":"product","2":"type-product","3":"status-publish","5":"product_brand-now","6":"product_cat-energia-y-metabolismo","7":"product_cat-salud-piel-y-cabello","8":"product_cat-todos","9":"product_cat-vitaminas","10":"product_cat-vitaminas-del-complejo-b","11":"product_tag-biotina","12":"product_tag-cabello","13":"product_tag-complejo-b","14":"product_tag-energia","15":"product_tag-piel","16":"product_tag-unas","18":"first","19":"instock","20":"shipping-taxable","21":"purchasable","22":"product-type-simple"},"_links":{"self":[{"href":"https:\/\/fisoherbal.com\/en\/wp-json\/wp\/v2\/product\/7301","targetHints":{"allow":["GET"]}}],"collection":[{"href":"https:\/\/fisoherbal.com\/en\/wp-json\/wp\/v2\/product"}],"about":[{"href":"https:\/\/fisoherbal.com\/en\/wp-json\/wp\/v2\/types\/product"}],"replies":[{"embeddable":true,"href":"https:\/\/fisoherbal.com\/en\/wp-json\/wp\/v2\/comments?post=7301"}],"wp:attachment":[{"href":"https:\/\/fisoherbal.com\/en\/wp-json\/wp\/v2\/media?parent=7301"}],"wp:term":[{"taxonomy":"product_brand","embeddable":true,"href":"https:\/\/fisoherbal.com\/en\/wp-json\/wp\/v2\/product_brand?post=7301"},{"taxonomy":"product_cat","embeddable":true,"href":"https:\/\/fisoherbal.com\/en\/wp-json\/wp\/v2\/product_cat?post=7301"},{"taxonomy":"product_tag","embeddable":true,"href":"https:\/\/fisoherbal.com\/en\/wp-json\/wp\/v2\/product_tag?post=7301"}],"curies":[{"name":"wp","href":"https:\/\/api.w.org\/{rel}","templated":true}]}}