{"id":7305,"date":"2025-09-04T06:04:17","date_gmt":"2025-09-04T06:04:17","guid":{"rendered":"https:\/\/fisoherbal.com\/?post_type=product&#038;p=7305"},"modified":"2025-09-04T06:04:20","modified_gmt":"2025-09-04T06:04:20","slug":"colesterol-support","status":"publish","type":"product","link":"https:\/\/fisoherbal.com\/en\/product\/colesterol-support\/","title":{"rendered":"Colesterol Support"},"content":{"rendered":"<p data-start=\"2089\" data-end=\"2448\">El <strong data-start=\"2117\" data-end=\"2143\">Colesterol Support NOW<\/strong> combina nutrientes y extractos naturales como niacina, gugul\u00edpido y fitosteroles que apoyan la reducci\u00f3n del colesterol LDL y promueven el equilibrio lip\u00eddico en sangre.<br data-start=\"2313\" data-end=\"2316\" \/>Es ideal para personas que buscan un soporte natural complementario a la dieta y el ejercicio para cuidar su salud cardiovascular.<\/p>\n<p data-start=\"2450\" data-end=\"2479\"><strong data-start=\"2450\" data-end=\"2477\">Beneficios principales:<\/strong><\/p>\n<ul data-start=\"2480\" data-end=\"2650\">\n<li data-start=\"2480\" data-end=\"2525\">\n<p data-start=\"2482\" data-end=\"2525\">Favorece la reducci\u00f3n del colesterol LDL.<\/p>\n<\/li>\n<li data-start=\"2526\" data-end=\"2560\">\n<p data-start=\"2528\" data-end=\"2560\">Apoya la salud cardiovascular.<\/p>\n<\/li>\n<li data-start=\"2561\" data-end=\"2604\">\n<p data-start=\"2563\" data-end=\"2604\">Contribuye al control de triglic\u00e9ridos.<\/p>\n<\/li>\n<li data-start=\"2605\" data-end=\"2650\">\n<p data-start=\"2607\" data-end=\"2650\">F\u00f3rmula con fitosteroles y antioxidantes.<\/p>\n<\/li>\n<\/ul>","protected":false},"excerpt":{"rendered":"<p data-start=\"1971\" data-end=\"2087\">F\u00f3rmula especializada para <strong data-start=\"2023\" data-end=\"2084\">mantener niveles saludables de colesterol y triglic\u00e9ridos<\/strong>.<\/p>\n<p data-start=\"2089\" data-end=\"2448\">","protected":false},"featured_media":0,"comment_status":"open","ping_status":"closed","template":"","meta":[],"product_brand":[51],"product_cat":[209,70,15],"product_tag":[181,210,76,212,180,211],"class_list":{"0":"post-7305","1":"product","2":"type-product","3":"status-publish","5":"product_brand-now","6":"product_cat-control-de-colesterol","7":"product_cat-salud-cardiovascular","8":"product_cat-todos","9":"product_tag-colesterol","10":"product_tag-colesterol-support","11":"product_tag-corazon","12":"product_tag-fitosteroles","13":"product_tag-niacina","14":"product_tag-trigliceridos","16":"first","17":"instock","18":"sale","19":"shipping-taxable","20":"purchasable","21":"product-type-simple"},"_links":{"self":[{"href":"https:\/\/fisoherbal.com\/en\/wp-json\/wp\/v2\/product\/7305","targetHints":{"allow":["GET"]}}],"collection":[{"href":"https:\/\/fisoherbal.com\/en\/wp-json\/wp\/v2\/product"}],"about":[{"href":"https:\/\/fisoherbal.com\/en\/wp-json\/wp\/v2\/types\/product"}],"replies":[{"embeddable":true,"href":"https:\/\/fisoherbal.com\/en\/wp-json\/wp\/v2\/comments?post=7305"}],"wp:attachment":[{"href":"https:\/\/fisoherbal.com\/en\/wp-json\/wp\/v2\/media?parent=7305"}],"wp:term":[{"taxonomy":"product_brand","embeddable":true,"href":"https:\/\/fisoherbal.com\/en\/wp-json\/wp\/v2\/product_brand?post=7305"},{"taxonomy":"product_cat","embeddable":true,"href":"https:\/\/fisoherbal.com\/en\/wp-json\/wp\/v2\/product_cat?post=7305"},{"taxonomy":"product_tag","embeddable":true,"href":"https:\/\/fisoherbal.com\/en\/wp-json\/wp\/v2\/product_tag?post=7305"}],"curies":[{"name":"wp","href":"https:\/\/api.w.org\/{rel}","templated":true}]}}