{"id":7309,"date":"2025-09-04T06:09:21","date_gmt":"2025-09-04T06:09:21","guid":{"rendered":"https:\/\/fisoherbal.com\/?post_type=product&#038;p=7309"},"modified":"2025-09-04T06:09:22","modified_gmt":"2025-09-04T06:09:22","slug":"glutation-l-glutathione","status":"publish","type":"product","link":"https:\/\/fisoherbal.com\/en\/product\/glutation-l-glutathione\/","title":{"rendered":"Glutati\u00f3n (L-Glutathione)"},"content":{"rendered":"<p data-start=\"329\" data-end=\"759\">El <strong data-start=\"357\" data-end=\"374\">Glutati\u00f3n NOW<\/strong> es un antioxidante maestro presente en todas las c\u00e9lulas del cuerpo, esencial para la protecci\u00f3n contra radicales libres y toxinas. Contribuye a la regeneraci\u00f3n de otros antioxidantes como la vitamina C y la vitamina E, adem\u00e1s de apoyar la salud del h\u00edgado y el sistema inmune.<br data-start=\"652\" data-end=\"655\" \/>Ideal para personas que buscan protecci\u00f3n antioxidante avanzada y apoyo en procesos de detoxificaci\u00f3n.<\/p>\n<p data-start=\"761\" data-end=\"790\"><strong data-start=\"761\" data-end=\"788\">Beneficios principales:<\/strong><\/p>\n<ul data-start=\"791\" data-end=\"951\">\n<li data-start=\"791\" data-end=\"824\">\n<p data-start=\"793\" data-end=\"824\">Potente antioxidante celular.<\/p>\n<\/li>\n<li data-start=\"825\" data-end=\"865\">\n<p data-start=\"827\" data-end=\"865\">Apoya la desintoxicaci\u00f3n del h\u00edgado.<\/p>\n<\/li>\n<li data-start=\"866\" data-end=\"903\">\n<p data-start=\"868\" data-end=\"903\">Refuerza el sistema inmunol\u00f3gico.<\/p>\n<\/li>\n<li data-start=\"904\" data-end=\"951\">\n<p data-start=\"906\" data-end=\"951\">Protege contra el envejecimiento prematuro.<\/p>\n<\/li>\n<\/ul>","protected":false},"excerpt":{"rendered":"<p data-start=\"199\" data-end=\"327\">Poderoso <strong data-start=\"233\" data-end=\"257\">antioxidante celular<\/strong> que apoya la desintoxicaci\u00f3n hep\u00e1tica y refuerza el sistema inmune.<\/p>\n<p data-start=\"329\" data-end=\"759\">","protected":false},"featured_media":0,"comment_status":"open","ping_status":"closed","template":"","meta":[],"product_brand":[51],"product_cat":[82,137,81,15],"product_tag":[84,85,140,225,224,192],"class_list":{"0":"post-7309","1":"product","2":"type-product","3":"status-publish","5":"product_brand-now","6":"product_cat-antioxidantes","7":"product_cat-detox-natural","8":"product_cat-sistema-inmune","9":"product_cat-todos","10":"product_tag-antioxidante","11":"product_tag-defensas","12":"product_tag-detox","13":"product_tag-envejecimiento-celular","14":"product_tag-glutation","15":"product_tag-higado","17":"first","18":"instock","19":"shipping-taxable","20":"purchasable","21":"product-type-simple"},"_links":{"self":[{"href":"https:\/\/fisoherbal.com\/en\/wp-json\/wp\/v2\/product\/7309","targetHints":{"allow":["GET"]}}],"collection":[{"href":"https:\/\/fisoherbal.com\/en\/wp-json\/wp\/v2\/product"}],"about":[{"href":"https:\/\/fisoherbal.com\/en\/wp-json\/wp\/v2\/types\/product"}],"replies":[{"embeddable":true,"href":"https:\/\/fisoherbal.com\/en\/wp-json\/wp\/v2\/comments?post=7309"}],"wp:attachment":[{"href":"https:\/\/fisoherbal.com\/en\/wp-json\/wp\/v2\/media?parent=7309"}],"wp:term":[{"taxonomy":"product_brand","embeddable":true,"href":"https:\/\/fisoherbal.com\/en\/wp-json\/wp\/v2\/product_brand?post=7309"},{"taxonomy":"product_cat","embeddable":true,"href":"https:\/\/fisoherbal.com\/en\/wp-json\/wp\/v2\/product_cat?post=7309"},{"taxonomy":"product_tag","embeddable":true,"href":"https:\/\/fisoherbal.com\/en\/wp-json\/wp\/v2\/product_tag?post=7309"}],"curies":[{"name":"wp","href":"https:\/\/api.w.org\/{rel}","templated":true}]}}