{"id":7313,"date":"2025-09-04T06:14:49","date_gmt":"2025-09-04T06:14:49","guid":{"rendered":"https:\/\/fisoherbal.com\/?post_type=product&#038;p=7313"},"modified":"2025-10-24T02:39:42","modified_gmt":"2025-10-24T02:39:42","slug":"lecitina","status":"publish","type":"product","link":"https:\/\/fisoherbal.com\/en\/product\/lecitina\/","title":{"rendered":"Lecitina"},"content":{"rendered":"<p data-start=\"4007\" data-end=\"4381\">La <strong data-start=\"4035\" data-end=\"4051\">Lecitina NOW<\/strong> es una fuente natural de fosfol\u00edpidos, entre ellos colina e inositol, fundamentales para la salud del cerebro y el h\u00edgado. Contribuye al metabolismo de grasas, mejora la funci\u00f3n cognitiva y apoya el control del colesterol.<br data-start=\"4274\" data-end=\"4277\" \/>Es especialmente recomendada para personas que buscan mejorar memoria, concentraci\u00f3n y salud hep\u00e1tica.<\/p>\n<p data-start=\"4383\" data-end=\"4412\"><strong data-start=\"4383\" data-end=\"4410\">Beneficios principales:<\/strong><\/p>\n<ul data-start=\"4413\" data-end=\"4560\">\n<li data-start=\"4413\" data-end=\"4453\">\n<p data-start=\"4415\" data-end=\"4453\">Favorece la memoria y concentraci\u00f3n.<\/p>\n<\/li>\n<li data-start=\"4454\" data-end=\"4482\">\n<p data-start=\"4456\" data-end=\"4482\">Apoya la salud hep\u00e1tica.<\/p>\n<\/li>\n<li data-start=\"4483\" data-end=\"4523\">\n<p data-start=\"4485\" data-end=\"4523\">Contribuye al metabolismo de grasas.<\/p>\n<\/li>\n<li data-start=\"4524\" data-end=\"4560\">\n<p data-start=\"4526\" data-end=\"4560\">Ayuda al control del colesterol.<\/p>\n<\/li>\n<\/ul>\n<p data-start=\"4562\" data-end=\"4733\">","protected":false},"excerpt":{"rendered":"<p data-start=\"3886\" data-end=\"4005\">Suplemento natural que apoya la <strong data-start=\"3943\" data-end=\"4002\">salud cerebral, hep\u00e1tica y el metabolismo de las grasas<\/strong>.<\/p>\n<p data-start=\"4007\" data-end=\"4381\">","protected":false},"featured_media":7456,"comment_status":"open","ping_status":"closed","template":"","meta":[],"product_brand":[51],"product_cat":[156,131,189,15],"product_tag":[181,134,193,192,236,77],"class_list":{"0":"post-7313","1":"product","2":"type-product","3":"status-publish","4":"has-post-thumbnail","6":"product_brand-now","7":"product_cat-metabolismo","8":"product_cat-salud-cognitiva","9":"product_cat-salud-hepatica","10":"product_cat-todos","11":"product_tag-colesterol","12":"product_tag-concentracion","13":"product_tag-grasas","14":"product_tag-higado","15":"product_tag-lecitina","16":"product_tag-memoria","18":"first","19":"instock","20":"shipping-taxable","21":"purchasable","22":"product-type-simple"},"_links":{"self":[{"href":"https:\/\/fisoherbal.com\/en\/wp-json\/wp\/v2\/product\/7313","targetHints":{"allow":["GET"]}}],"collection":[{"href":"https:\/\/fisoherbal.com\/en\/wp-json\/wp\/v2\/product"}],"about":[{"href":"https:\/\/fisoherbal.com\/en\/wp-json\/wp\/v2\/types\/product"}],"replies":[{"embeddable":true,"href":"https:\/\/fisoherbal.com\/en\/wp-json\/wp\/v2\/comments?post=7313"}],"wp:featuredmedia":[{"embeddable":true,"href":"https:\/\/fisoherbal.com\/en\/wp-json\/wp\/v2\/media\/7456"}],"wp:attachment":[{"href":"https:\/\/fisoherbal.com\/en\/wp-json\/wp\/v2\/media?parent=7313"}],"wp:term":[{"taxonomy":"product_brand","embeddable":true,"href":"https:\/\/fisoherbal.com\/en\/wp-json\/wp\/v2\/product_brand?post=7313"},{"taxonomy":"product_cat","embeddable":true,"href":"https:\/\/fisoherbal.com\/en\/wp-json\/wp\/v2\/product_cat?post=7313"},{"taxonomy":"product_tag","embeddable":true,"href":"https:\/\/fisoherbal.com\/en\/wp-json\/wp\/v2\/product_tag?post=7313"}],"curies":[{"name":"wp","href":"https:\/\/api.w.org\/{rel}","templated":true}]}}