{"id":7314,"date":"2025-09-04T06:16:56","date_gmt":"2025-09-04T06:16:56","guid":{"rendered":"https:\/\/fisoherbal.com\/?post_type=product&#038;p=7314"},"modified":"2025-09-04T06:16:58","modified_gmt":"2025-09-04T06:16:58","slug":"acido-folico-vitamina-b9","status":"publish","type":"product","link":"https:\/\/fisoherbal.com\/en\/product\/acido-folico-vitamina-b9\/","title":{"rendered":"\u00c1cido F\u00f3lico (Vitamina B9)"},"content":{"rendered":"<p data-start=\"343\" data-end=\"706\">El <strong data-start=\"371\" data-end=\"391\">\u00c1cido F\u00f3lico NOW<\/strong> es indispensable para mujeres en edad f\u00e9rtil, ya que contribuye al desarrollo saludable del tubo neural durante el embarazo. Adem\u00e1s, favorece la producci\u00f3n de gl\u00f3bulos rojos, apoya el sistema nervioso y mejora el metabolismo de prote\u00ednas y ADN.<br data-start=\"636\" data-end=\"639\" \/>Suplemento clave en etapas de planificaci\u00f3n familiar y gestaci\u00f3n.<\/p>\n<p data-start=\"708\" data-end=\"737\"><strong data-start=\"708\" data-end=\"735\">Beneficios principales:<\/strong><\/p>\n<ul data-start=\"738\" data-end=\"924\">\n<li data-start=\"738\" data-end=\"781\">\n<p data-start=\"740\" data-end=\"781\">Favorece el desarrollo fetal saludable.<\/p>\n<\/li>\n<li data-start=\"782\" data-end=\"831\">\n<p data-start=\"784\" data-end=\"831\">Contribuye a la producci\u00f3n de gl\u00f3bulos rojos.<\/p>\n<\/li>\n<li data-start=\"832\" data-end=\"883\">\n<p data-start=\"834\" data-end=\"883\">Apoya el sistema nervioso y la s\u00edntesis de ADN.<\/p>\n<\/li>\n<li data-start=\"884\" data-end=\"924\">\n<p data-start=\"886\" data-end=\"924\">Previene deficiencias nutricionales.<\/p>\n<\/li>\n<\/ul>","protected":false},"excerpt":{"rendered":"<p data-start=\"221\" data-end=\"341\">Vitamina esencial para la <strong data-start=\"272\" data-end=\"303\">formaci\u00f3n de gl\u00f3bulos rojos<\/strong>, salud fetal y metabolismo celular.<\/p>\n<p data-start=\"343\" data-end=\"706\">","protected":false},"featured_media":0,"comment_status":"open","ping_status":"closed","template":"","meta":[],"product_brand":[51],"product_cat":[219,237,15,80],"product_tag":[238,240,241,66,239],"class_list":{"0":"post-7314","1":"product","2":"type-product","3":"status-publish","5":"product_brand-now","6":"product_cat-bienestar-femenino","7":"product_cat-embarazo-y-fertilidad","8":"product_cat-todos","9":"product_cat-vitaminas","10":"product_tag-acido-folico","11":"product_tag-embarazo","12":"product_tag-globulos-rojos","13":"product_tag-sistema-nervioso","14":"product_tag-vitamina-b9","16":"first","17":"instock","18":"shipping-taxable","19":"purchasable","20":"product-type-simple"},"_links":{"self":[{"href":"https:\/\/fisoherbal.com\/en\/wp-json\/wp\/v2\/product\/7314","targetHints":{"allow":["GET"]}}],"collection":[{"href":"https:\/\/fisoherbal.com\/en\/wp-json\/wp\/v2\/product"}],"about":[{"href":"https:\/\/fisoherbal.com\/en\/wp-json\/wp\/v2\/types\/product"}],"replies":[{"embeddable":true,"href":"https:\/\/fisoherbal.com\/en\/wp-json\/wp\/v2\/comments?post=7314"}],"wp:attachment":[{"href":"https:\/\/fisoherbal.com\/en\/wp-json\/wp\/v2\/media?parent=7314"}],"wp:term":[{"taxonomy":"product_brand","embeddable":true,"href":"https:\/\/fisoherbal.com\/en\/wp-json\/wp\/v2\/product_brand?post=7314"},{"taxonomy":"product_cat","embeddable":true,"href":"https:\/\/fisoherbal.com\/en\/wp-json\/wp\/v2\/product_cat?post=7314"},{"taxonomy":"product_tag","embeddable":true,"href":"https:\/\/fisoherbal.com\/en\/wp-json\/wp\/v2\/product_tag?post=7314"}],"curies":[{"name":"wp","href":"https:\/\/api.w.org\/{rel}","templated":true}]}}