{"id":7317,"date":"2025-09-04T06:21:04","date_gmt":"2025-09-04T06:21:04","guid":{"rendered":"https:\/\/fisoherbal.com\/?post_type=product&#038;p=7317"},"modified":"2025-11-03T10:46:36","modified_gmt":"2025-11-03T10:46:36","slug":"vitamina-e-natural","status":"publish","type":"product","link":"https:\/\/fisoherbal.com\/en\/product\/vitamina-e-natural\/","title":{"rendered":"Vitamina E Natural"},"content":{"rendered":"<p data-start=\"3102\" data-end=\"3455\">La <strong data-start=\"3130\" data-end=\"3148\">Vitamina E CON SELENIO PURITANS PRIDE<\/strong>\u00a0es un antioxidante que protege las membranas celulares contra el da\u00f1o de los radicales libres. Contribuye al bienestar cardiovascular, favorece la circulaci\u00f3n sangu\u00ednea y mejora la elasticidad de la piel.<br data-start=\"3353\" data-end=\"3356\" \/>Es ideal para personas que buscan apoyo antioxidante y un refuerzo en la salud de piel y coraz\u00f3n.<\/p>\n<p data-start=\"3457\" data-end=\"3486\"><strong data-start=\"3457\" data-end=\"3484\">Beneficios principales:<\/strong><\/p>\n<ul data-start=\"3487\" data-end=\"3633\">\n<li data-start=\"3487\" data-end=\"3524\">\n<p data-start=\"3489\" data-end=\"3524\">Potente antioxidante liposoluble.<\/p>\n<\/li>\n<li data-start=\"3525\" data-end=\"3559\">\n<p data-start=\"3527\" data-end=\"3559\">Apoya la salud cardiovascular.<\/p>\n<\/li>\n<li data-start=\"3560\" data-end=\"3597\">\n<p data-start=\"3562\" data-end=\"3597\">Mejora la elasticidad de la piel.<\/p>\n<\/li>\n<li data-start=\"3598\" data-end=\"3633\">\n<p data-start=\"3600\" data-end=\"3633\">Refuerza la protecci\u00f3n celular.<\/p>\n<\/li>\n<\/ul>","protected":false},"excerpt":{"rendered":"<p data-start=\"2971\" data-end=\"3100\">Potente <strong data-start=\"3004\" data-end=\"3032\">antioxidante liposoluble<\/strong> que protege c\u00e9lulas y apoya la salud cardiovascular y de la piel.<\/p>\n<p data-start=\"3102\" data-end=\"3455\">","protected":false},"featured_media":7457,"comment_status":"open","ping_status":"closed","template":"","meta":[],"product_brand":[52],"product_cat":[72,82,219,184,70,81,15,80],"product_tag":[84,76,167,246,245],"class_list":{"0":"post-7317","1":"product","2":"type-product","3":"status-publish","4":"has-post-thumbnail","6":"product_brand-puritans-pride","7":"product_cat-antiinflamatorios-naturales","8":"product_cat-antioxidantes","9":"product_cat-bienestar-femenino","10":"product_cat-bienestar-hormonal","11":"product_cat-salud-cardiovascular","12":"product_cat-sistema-inmune","13":"product_cat-todos","14":"product_cat-vitaminas","15":"product_tag-antioxidante","16":"product_tag-corazon","17":"product_tag-piel","18":"product_tag-radicales-libres","19":"product_tag-vitamina-e","21":"first","22":"instock","23":"sale","24":"shipping-taxable","25":"purchasable","26":"product-type-simple"},"_links":{"self":[{"href":"https:\/\/fisoherbal.com\/en\/wp-json\/wp\/v2\/product\/7317","targetHints":{"allow":["GET"]}}],"collection":[{"href":"https:\/\/fisoherbal.com\/en\/wp-json\/wp\/v2\/product"}],"about":[{"href":"https:\/\/fisoherbal.com\/en\/wp-json\/wp\/v2\/types\/product"}],"replies":[{"embeddable":true,"href":"https:\/\/fisoherbal.com\/en\/wp-json\/wp\/v2\/comments?post=7317"}],"wp:featuredmedia":[{"embeddable":true,"href":"https:\/\/fisoherbal.com\/en\/wp-json\/wp\/v2\/media\/7457"}],"wp:attachment":[{"href":"https:\/\/fisoherbal.com\/en\/wp-json\/wp\/v2\/media?parent=7317"}],"wp:term":[{"taxonomy":"product_brand","embeddable":true,"href":"https:\/\/fisoherbal.com\/en\/wp-json\/wp\/v2\/product_brand?post=7317"},{"taxonomy":"product_cat","embeddable":true,"href":"https:\/\/fisoherbal.com\/en\/wp-json\/wp\/v2\/product_cat?post=7317"},{"taxonomy":"product_tag","embeddable":true,"href":"https:\/\/fisoherbal.com\/en\/wp-json\/wp\/v2\/product_tag?post=7317"}],"curies":[{"name":"wp","href":"https:\/\/api.w.org\/{rel}","templated":true}]}}