{"id":7319,"date":"2025-09-04T06:22:14","date_gmt":"2025-09-04T06:22:14","guid":{"rendered":"https:\/\/fisoherbal.com\/?post_type=product&#038;p=7319"},"modified":"2025-11-03T10:44:00","modified_gmt":"2025-11-03T10:44:00","slug":"vitamina-d3","status":"publish","type":"product","link":"https:\/\/fisoherbal.com\/en\/product\/vitamina-d3\/","title":{"rendered":"Vitamina D3"},"content":{"rendered":"<p data-start=\"3946\" data-end=\"4260\">La <strong data-start=\"3974\" data-end=\"3993\">Vitamina D3 NOW<\/strong> apoya la absorci\u00f3n del calcio y el f\u00f3sforo, elementos clave para huesos fuertes. Tambi\u00e9n contribuye al correcto funcionamiento del sistema inmune y a la fuerza muscular. Suplemento indispensable para personas con baja exposici\u00f3n al sol o deficiencia diagnosticada.<\/p>\n<p data-start=\"4262\" data-end=\"4291\"><strong data-start=\"4262\" data-end=\"4289\">Beneficios principales:<\/strong><\/p>\n<ul data-start=\"4292\" data-end=\"4439\">\n<li data-start=\"4292\" data-end=\"4328\">\n<p data-start=\"4294\" data-end=\"4328\">Favorece la absorci\u00f3n de calcio.<\/p>\n<\/li>\n<li data-start=\"4329\" data-end=\"4360\">\n<p data-start=\"4331\" data-end=\"4360\">Refuerza el sistema inmune.<\/p>\n<\/li>\n<li data-start=\"4361\" data-end=\"4396\">\n<p data-start=\"4363\" data-end=\"4396\">Contribuye a la salud muscular.<\/p>\n<\/li>\n<li data-start=\"4397\" data-end=\"4439\">\n<p data-start=\"4399\" data-end=\"4439\">Previene la deficiencia de vitamina D.<\/p>\n<\/li>\n<\/ul>","protected":false},"excerpt":{"rendered":"<p data-start=\"3851\" data-end=\"3944\">Vitamina esencial para la <strong data-start=\"3902\" data-end=\"3941\">salud \u00f3sea, inmunol\u00f3gica y muscular<\/strong>.<\/p>\n<p data-start=\"3946\" data-end=\"4260\">","protected":false},"featured_media":7519,"comment_status":"open","ping_status":"closed","template":"","meta":[],"product_brand":[51],"product_cat":[145,59,100,195,81,15,80],"product_tag":[197,198,87,249,247,248],"class_list":{"0":"post-7319","1":"product","2":"type-product","3":"status-publish","4":"has-post-thumbnail","6":"product_brand-now","7":"product_cat-inmunidad","8":"product_cat-minerales","9":"product_cat-salud-articular","10":"product_cat-salud-osea","11":"product_cat-sistema-inmune","12":"product_cat-todos","13":"product_cat-vitaminas","14":"product_tag-calcio","15":"product_tag-huesos","16":"product_tag-inmunidad","17":"product_tag-sol","18":"product_tag-vitamina-d","19":"product_tag-vitamina-d3","21":"first","22":"instock","23":"sale","24":"shipping-taxable","25":"purchasable","26":"product-type-simple"},"_links":{"self":[{"href":"https:\/\/fisoherbal.com\/en\/wp-json\/wp\/v2\/product\/7319","targetHints":{"allow":["GET"]}}],"collection":[{"href":"https:\/\/fisoherbal.com\/en\/wp-json\/wp\/v2\/product"}],"about":[{"href":"https:\/\/fisoherbal.com\/en\/wp-json\/wp\/v2\/types\/product"}],"replies":[{"embeddable":true,"href":"https:\/\/fisoherbal.com\/en\/wp-json\/wp\/v2\/comments?post=7319"}],"wp:featuredmedia":[{"embeddable":true,"href":"https:\/\/fisoherbal.com\/en\/wp-json\/wp\/v2\/media\/7519"}],"wp:attachment":[{"href":"https:\/\/fisoherbal.com\/en\/wp-json\/wp\/v2\/media?parent=7319"}],"wp:term":[{"taxonomy":"product_brand","embeddable":true,"href":"https:\/\/fisoherbal.com\/en\/wp-json\/wp\/v2\/product_brand?post=7319"},{"taxonomy":"product_cat","embeddable":true,"href":"https:\/\/fisoherbal.com\/en\/wp-json\/wp\/v2\/product_cat?post=7319"},{"taxonomy":"product_tag","embeddable":true,"href":"https:\/\/fisoherbal.com\/en\/wp-json\/wp\/v2\/product_tag?post=7319"}],"curies":[{"name":"wp","href":"https:\/\/api.w.org\/{rel}","templated":true}]}}