{"id":7524,"date":"2025-10-24T02:34:24","date_gmt":"2025-10-24T02:34:24","guid":{"rendered":"https:\/\/fisoherbal.com\/?post_type=product&#038;p=7524"},"modified":"2025-11-03T10:40:52","modified_gmt":"2025-11-03T10:40:52","slug":"7524","status":"publish","type":"product","link":"https:\/\/fisoherbal.com\/en\/product\/7524\/","title":{"rendered":"VITAMINA D3"},"content":{"rendered":"<p>D3 de ATLANTIS BOTANICALS<\/p>\n<div class=\"html-div xdj266r x14z9mp xat24cr x1lziwak xexx8yu xyri2b x18d9i69 x1c1uobl\" tabindex=\"-1\">\n<ul>\n<li class=\"xe0n8xf x12d4x0i x1d5s5ig xgwjfdz xmyy1pt x1jdczeh\"><b>Salud \u00f3sea<\/b>: Ayuda a absorber el calcio y mantener huesos fuertes.<\/li>\n<\/ul>\n<\/div>\n<div class=\"html-div xdj266r x14z9mp xat24cr x1lziwak xexx8yu xyri2b x18d9i69 x1c1uobl\" tabindex=\"-1\">\n<ul>\n<li class=\"xe0n8xf x12d4x0i x1d5s5ig xgwjfdz xmyy1pt x1jdczeh\"><b>Sistema inmunol\u00f3gico<\/b>: Apoya la funci\u00f3n inmunol\u00f3gica y puede ayudar a prevenir enfermedades.<\/li>\n<\/ul>\n<\/div>\n<div class=\"html-div xdj266r x14z9mp xat24cr x1lziwak xexx8yu xyri2b x18d9i69 x1c1uobl\" tabindex=\"-1\">\n<ul>\n<li class=\"xe0n8xf x12d4x0i x1d5s5ig xgwjfdz xmyy1pt x1jdczeh\"><b>Bienestar general<\/b>: Se ha relacionado con un mejor estado de \u00e1nimo y salud en general.<\/li>\n<\/ul>\n<\/div>","protected":false},"excerpt":{"rendered":"<p>D3 de ATLANTIS BOTANICALS Salud \u00f3sea: Ayuda a absorber el calcio y mantener huesos fuertes. Sistema inmunol\u00f3gico: Apoya la funci\u00f3n inmunol\u00f3gica y puede ayudar a prevenir enfermedades. Bienestar general: Se ha relacionado con un mejor estado de \u00e1nimo y salud en general.<\/p>","protected":false},"featured_media":7517,"comment_status":"open","ping_status":"closed","template":"","meta":[],"product_brand":[268],"product_cat":[61,195,80],"product_tag":[],"class_list":{"0":"post-7524","1":"product","2":"type-product","3":"status-publish","4":"has-post-thumbnail","6":"product_brand-atlantic-botanic","7":"product_cat-salud-muscular-y-osea","8":"product_cat-salud-osea","9":"product_cat-vitaminas","11":"first","12":"instock","13":"sale","14":"shipping-taxable","15":"purchasable","16":"product-type-simple"},"_links":{"self":[{"href":"https:\/\/fisoherbal.com\/en\/wp-json\/wp\/v2\/product\/7524","targetHints":{"allow":["GET"]}}],"collection":[{"href":"https:\/\/fisoherbal.com\/en\/wp-json\/wp\/v2\/product"}],"about":[{"href":"https:\/\/fisoherbal.com\/en\/wp-json\/wp\/v2\/types\/product"}],"replies":[{"embeddable":true,"href":"https:\/\/fisoherbal.com\/en\/wp-json\/wp\/v2\/comments?post=7524"}],"wp:featuredmedia":[{"embeddable":true,"href":"https:\/\/fisoherbal.com\/en\/wp-json\/wp\/v2\/media\/7517"}],"wp:attachment":[{"href":"https:\/\/fisoherbal.com\/en\/wp-json\/wp\/v2\/media?parent=7524"}],"wp:term":[{"taxonomy":"product_brand","embeddable":true,"href":"https:\/\/fisoherbal.com\/en\/wp-json\/wp\/v2\/product_brand?post=7524"},{"taxonomy":"product_cat","embeddable":true,"href":"https:\/\/fisoherbal.com\/en\/wp-json\/wp\/v2\/product_cat?post=7524"},{"taxonomy":"product_tag","embeddable":true,"href":"https:\/\/fisoherbal.com\/en\/wp-json\/wp\/v2\/product_tag?post=7524"}],"curies":[{"name":"wp","href":"https:\/\/api.w.org\/{rel}","templated":true}]}}