{"id":7738,"date":"2025-12-13T01:19:47","date_gmt":"2025-12-13T01:19:47","guid":{"rendered":"https:\/\/fisoherbal.com\/?post_type=product&#038;p=7738"},"modified":"2025-12-13T01:19:48","modified_gmt":"2025-12-13T01:19:48","slug":"7738","status":"publish","type":"product","link":"https:\/\/fisoherbal.com\/en\/product\/7738\/","title":{"rendered":""},"content":{"rendered":"<p>Suplementos Natural para que el cuerpo utiliza los componentes b\u00e1sicos para la regeneraci\u00f3n del cart\u00edlago y ayudar las articulaciones para que se muevan sin fricci\u00f3n.<\/p>\n<p>sugerido; Artrosis (Osteoartritis)Bursitis, Artritis Reumatoide<\/p>","protected":false},"excerpt":{"rendered":"<p>Suplementos Natural para que el cuerpo utiliza los componentes b\u00e1sicos para la regeneraci\u00f3n del cart\u00edlago y ayudar las articulaciones para que se muevan sin fricci\u00f3n. sugerido; Artrosis (Osteoartritis)Bursitis, Artritis Reumatoide<\/p>","protected":false},"featured_media":7739,"comment_status":"open","ping_status":"closed","template":"","meta":[],"product_brand":[269],"product_cat":[15],"product_tag":[],"class_list":{"0":"post-7738","1":"product","2":"type-product","3":"status-publish","4":"has-post-thumbnail","6":"product_brand-fisoherbal","7":"product_cat-todos","9":"first","10":"instock","11":"sale","12":"shipping-taxable","13":"purchasable","14":"product-type-simple"},"_links":{"self":[{"href":"https:\/\/fisoherbal.com\/en\/wp-json\/wp\/v2\/product\/7738","targetHints":{"allow":["GET"]}}],"collection":[{"href":"https:\/\/fisoherbal.com\/en\/wp-json\/wp\/v2\/product"}],"about":[{"href":"https:\/\/fisoherbal.com\/en\/wp-json\/wp\/v2\/types\/product"}],"replies":[{"embeddable":true,"href":"https:\/\/fisoherbal.com\/en\/wp-json\/wp\/v2\/comments?post=7738"}],"wp:featuredmedia":[{"embeddable":true,"href":"https:\/\/fisoherbal.com\/en\/wp-json\/wp\/v2\/media\/7739"}],"wp:attachment":[{"href":"https:\/\/fisoherbal.com\/en\/wp-json\/wp\/v2\/media?parent=7738"}],"wp:term":[{"taxonomy":"product_brand","embeddable":true,"href":"https:\/\/fisoherbal.com\/en\/wp-json\/wp\/v2\/product_brand?post=7738"},{"taxonomy":"product_cat","embeddable":true,"href":"https:\/\/fisoherbal.com\/en\/wp-json\/wp\/v2\/product_cat?post=7738"},{"taxonomy":"product_tag","embeddable":true,"href":"https:\/\/fisoherbal.com\/en\/wp-json\/wp\/v2\/product_tag?post=7738"}],"curies":[{"name":"wp","href":"https:\/\/api.w.org\/{rel}","templated":true}]}}